{"id":1050,"date":"2020-02-08T09:47:06","date_gmt":"2020-02-08T09:47:06","guid":{"rendered":"https:\/\/www.deoadventure.co.tz\/esp\/?page_id=1050"},"modified":"2021-12-11T09:38:28","modified_gmt":"2021-12-11T09:38:28","slug":"umbwe","status":"publish","type":"page","link":"https:\/\/www.deoadventure.co.tz\/esp\/umbwe\/","title":{"rendered":"umbwe"},"content":{"rendered":"<p><div class=\"fusion-fullwidth fullwidth-box fusion-builder-row-1 nonhundred-percent-fullwidth non-hundred-percent-height-scrolling\" style=\"background-color: rgba(255,255,255,0);background-position: center center;background-repeat: no-repeat;padding-top:0px;padding-right:0px;padding-bottom:0px;padding-left:0px;margin-bottom: 0px;margin-top: 0px;border-width: 0px 0px 0px 0px;border-color:#eae9e9;border-style:solid;\" ><div class=\"fusion-builder-row fusion-row\"><div class=\"fusion-layout-column fusion_builder_column fusion-builder-column-0 fusion_builder_column_1_1 1_1 fusion-one-full fusion-column-first fusion-column-last\" style=\"margin-top:0px;margin-bottom:0px;\"><div class=\"fusion-column-wrapper fusion-flex-column-wrapper-legacy\" style=\"background-position:left top;background-repeat:no-repeat;-webkit-background-size:cover;-moz-background-size:cover;-o-background-size:cover;background-size:cover;padding: 0px 0px 0px 0px;\"><div class=\"fusion-text fusion-text-1\"><div class=\"adv_bg_kilimanjaro\"><\/div>\n<\/div><div class=\"fusion-clearfix\"><\/div><\/div><\/div><\/div><\/div><div class=\"fusion-fullwidth fullwidth-box fusion-builder-row-2 nonhundred-percent-fullwidth non-hundred-percent-height-scrolling\" style=\"background-color: rgba(255,255,255,0);background-position: center center;background-repeat: no-repeat;padding-top:0px;padding-right:30px;padding-bottom:30px;padding-left:30px;margin-bottom: 0px;margin-top: -150px;border-width: 0px 0px 0px 0px;border-color:#eae9e9;border-style:solid;\" ><div class=\"fusion-builder-row fusion-row\"><div class=\"fusion-layout-column fusion_builder_column fusion-builder-column-1 fusion_builder_column_2_3 2_3 fusion-two-third fusion-column-first adv_contents_included\" style=\"width:66.666666666667%;width:calc(66.666666666667% - ( ( 4% ) * 0.66666666666667 ) );margin-right: 4%;margin-top:0px;margin-bottom:0px;\"><div class=\"fusion-column-wrapper fusion-flex-column-wrapper-legacy\" style=\"background-position:left top;background-repeat:no-repeat;-webkit-background-size:cover;-moz-background-size:cover;-o-background-size:cover;background-size:cover;padding: 0px 0px 0px 0px;\"><div class=\"fusion-text fusion-text-2\"><div class=\"grid_margin\">\n<p align=\"justify\">Many customers use this route to descend instead of ascend. Either way it is after Mweka the next steepest route. It is also quite scenic and relatively infrequently used. We\u00a0organizes eco-friendly climbs on this magnificent dome-shaped mountain and boasts of an excellent safe climbing record. Our professional, experienced and highly knowledgeable guides will lead you all the way to the summit while explaining the different ecosystems of the mountain that you go through each day.<\/p>\n<p align=\"justify\"><strong>Tour Name:- Vertical Kilimanjaro<\/strong><br \/>\n<strong>Route:- Umbwe<br \/>\nDuration: 7 days and 6 nights (5 days on the mountain)<br \/>\nSample Itinerary<\/strong><\/p>\n<\/div>\n<div>\n<p>Umbwe Route<\/p>\n<table class=\"timecard\" style=\"width: 1036px; height: 766px;\" width=\"100%\">\n<thead>\n<tr>\n<th id=\"thm\" style=\"width: 10%;\" align=\"right\">Day<\/th>\n<th id=\"ths\" style=\"width: 10%;\" align=\"right\">Time<\/th>\n<th id=\"tht\" style=\"width: 70%;\" align=\"right\">Itinerary<\/th>\n<th id=\"thp\" style=\"width: 10%;\" align=\"right\">Accomodation<\/th>\n<\/tr>\n<\/thead>\n<tbody>\n<tr class=\"odd\">\n<td align=\"left\">1<\/td>\n<td align=\"left\"><i class=\"fas fa-cloud-sun-rain\" style=\"color: #f2bf2a;\">\u00a0<\/i><\/td>\n<td align=\"left\"><strong>Arrive Moshi<\/strong><br \/>\nUpon arrival you will be met by our representative and transferred to your hotel. Meet your climbing guide for briefing and final gear check. Overnight at the hotel.<\/td>\n<td align=\"left\">Kilimanjaro Impala Hotel.<br \/>\nBed&amp;Breakfast<\/td>\n<\/tr>\n<tr class=\"even\">\n<td align=\"left\">2<\/td>\n<td align=\"left\"><i class=\"fas fa-cloud-sun-rain\" style=\"color: #f2bf2a;\"> AM<\/i><\/td>\n<td align=\"left\"><strong>Moshi \u2013 Forest Cave campsite (9,350ft\/2850m)<\/strong><br \/>\nDrive to park gate for registration then to Umbwe gate where the climb starts and trek through the rain forest to Forest Cave Campsite. Dinner and stay overnight here.<\/td>\n<td align=\"left\">Forest Cave. Fullboard<\/td>\n<\/tr>\n<tr class=\"odd\">\n<td align=\"left\">3<\/td>\n<td align=\"left\"><i class=\"fas fa-cloud-showers-heavy\" style=\"color: #f2bf2a;\">\u00a0AM<\/i><\/td>\n<td align=\"left\"><strong>Forest cave camp \u2013 Barranco camp (12,960ft\/3950m) <\/strong><br \/>\nDepart for the second day\u2019s rest at Barranco Campsite going through moorland with picnic lunch on the way.<\/td>\n<td align=\"left\">Barranco Camp. Fullboard<\/td>\n<\/tr>\n<tr class=\"even\">\n<td align=\"left\">4<\/td>\n<td align=\"left\"><i class=\"fas fa-cloud-showers-heavy\" style=\"color: #f2bf2a;\">\u00a0AM<\/i><\/td>\n<td align=\"left\"><strong>Barranco camp \u2013 Arrow Glacier camp (16,000ft\/4876m) <\/strong><br \/>\nAfter breakfast, ascend to Arrow glacier camp beautifully surrounded by glacier streams. Have dinner and get set for the mid-night hike to the summit.<\/td>\n<td align=\"left\">Arrow glacier camp.<br \/>\nFullboard<\/td>\n<\/tr>\n<tr class=\"odd\">\n<td align=\"left\">5<\/td>\n<td align=\"left\"><i class=\"fas fa-cloud-sun\" style=\"color: #f2bf2a;\">Midnight<\/i><\/td>\n<td align=\"left\"><strong>Arrow Glacier \u2013 Summit (19,340ft\/5895m) \u2013 Mweka hut <\/strong><br \/>\nTake the final ascend to Uhuru peak then hike down to Barafu campsite for breakfast then down to Mweka Hut for lunch, dinner and overnight stay.<\/td>\n<td align=\"left\">Mweka Hut.<br \/>\nFullboard<\/td>\n<\/tr>\n<tr class=\"even\">\n<td align=\"left\">6<\/td>\n<td align=\"left\"><i class=\"fas fa-cloud-sun\" style=\"color: #f2bf2a;\">\u00a0AM<\/i><\/td>\n<td align=\"left\"><strong>Mweka hut \u2013 Moshi <\/strong><br \/>\nAfter breakfast, descend to Mweka gate where a vehicle awaits to transfer you. Drive to a town hotel for a well-deserved shower and lunch.<\/td>\n<td align=\"left\">Kilimanjaro Impala Hotel.<br \/>\nBed&amp;Breakfast<\/td>\n<\/tr>\n<tr class=\"odd\">\n<td align=\"left\">7<\/td>\n<td align=\"left\"><i class=\"fas fa-cloud-sun\" style=\"color: #f2bf2a;\">\u00a0<\/i><\/td>\n<td align=\"left\"><strong>Depart Moshi<\/strong><br \/>\nDepart Moshi for onward or catch flight back home.<\/td>\n<td align=\"left\"><\/td>\n<\/tr>\n<\/tbody>\n<\/table>\n<\/div>\n<\/div><div class=\"fusion-clearfix\"><\/div><\/div><\/div><div class=\"fusion-layout-column fusion_builder_column fusion-builder-column-2 fusion_builder_column_1_4 1_4 fusion-one-fourth fusion-column-last adv_contents_included2\" style=\"width:25%;width:calc(25% - ( ( 4% ) * 0.25 ) );margin-top:0px;margin-bottom:0px;\"><div class=\"fusion-column-wrapper fusion-flex-column-wrapper-legacy\" style=\"background-position:left top;background-repeat:no-repeat;-webkit-background-size:cover;-moz-background-size:cover;-o-background-size:cover;background-size:cover;padding: 0px 0px 0px 0px;\"><div class=\"fusion-text fusion-text-3\"><div class=\"adv_title2\" style=\"text-align: left; margin-bottom: 10px;\">Solicita Ahora!<\/div>\n<\/div><div role=\"form\" class=\"wpcf7\" id=\"wpcf7-f564-o1\" lang=\"en-US\" dir=\"ltr\">\n<div class=\"screen-reader-response\"><p role=\"status\" aria-live=\"polite\" aria-atomic=\"true\"><\/p> <ul><\/ul><\/div>\n<form action=\"\/esp\/wp-json\/wp\/v2\/pages\/1050#wpcf7-f564-o1\" method=\"post\" class=\"wpcf7-form init\" novalidate=\"novalidate\" data-status=\"init\">\n<div style=\"display: none;\">\n<input type=\"hidden\" name=\"_wpcf7\" value=\"564\" \/>\n<input type=\"hidden\" name=\"_wpcf7_version\" value=\"5.5.3\" \/>\n<input type=\"hidden\" name=\"_wpcf7_locale\" value=\"en_US\" \/>\n<input type=\"hidden\" name=\"_wpcf7_unit_tag\" value=\"wpcf7-f564-o1\" \/>\n<input type=\"hidden\" name=\"_wpcf7_container_post\" value=\"0\" \/>\n<input type=\"hidden\" name=\"_wpcf7_posted_data_hash\" value=\"\" \/>\n<input type=\"hidden\" name=\"_wpcf7_recaptcha_response\" value=\"\" \/>\n<\/div>\n<div style=\"display:none\"><span class=\"wpcf7-form-control-wrap itinerary\"><input type=\"text\" name=\"itinerary\" value=\"ITINERARY_VALUE\" size=\"40\" class=\"wpcf7-form-control wpcf7-text\" aria-invalid=\"false\" \/><\/span><\/div>\n<p><label> Tu Nombre (Requerido)<br \/>\n    <span class=\"wpcf7-form-control-wrap your-name\"><input type=\"text\" name=\"your-name\" value=\"\" size=\"40\" class=\"wpcf7-form-control wpcf7-text wpcf7-validates-as-required\" aria-required=\"true\" aria-invalid=\"false\" \/><\/span> <\/label><\/p>\n<p><label> Tu Correo (Requerido)<br \/>\n    <span class=\"wpcf7-form-control-wrap your-email\"><input type=\"email\" name=\"your-email\" value=\"\" size=\"40\" class=\"wpcf7-form-control wpcf7-text wpcf7-email wpcf7-validates-as-required wpcf7-validates-as-email\" aria-required=\"true\" aria-invalid=\"false\" \/><\/span> <\/label><\/p>\n<p><label> Fecha del viaje (Requerido)<br \/>\n    <span class=\"wpcf7-form-control-wrap arrival\"><input type=\"date\" name=\"arrival\" value=\"\" class=\"wpcf7-form-control wpcf7-date wpcf7-validates-as-required wpcf7-validates-as-date\" aria-required=\"true\" aria-invalid=\"false\" \/><\/span> <\/label><\/p>\n<p><label> N\u00famero de personas (Requerido)<br \/>\n    <span class=\"wpcf7-form-control-wrap noofguests\"><input type=\"number\" name=\"noofguests\" value=\"\" class=\"wpcf7-form-control wpcf7-number wpcf7-validates-as-required wpcf7-validates-as-number\" aria-required=\"true\" aria-invalid=\"false\" \/><\/span> <\/label><\/p>\n<p><label> Como nos encuentras (Requerido)<br \/>\n<span class=\"wpcf7-form-control-wrap howyoufindus\"><select name=\"howyoufindus\" class=\"wpcf7-form-control wpcf7-select wpcf7-validates-as-required\" aria-required=\"true\" aria-invalid=\"false\"><option value=\"---\">---<\/option><option value=\"Un Amigo\">Un Amigo<\/option><option value=\"Google\">Google<\/option><option value=\"Otros\">Otros<\/option><\/select><\/span><\/label><\/p>\n<p><label> Si deseas hacer un viaje a medida o quieres comentarnos algo sobre el safari que has escogido (d\u00edas de acampada, ...) especif\u00edcalo aqu\u00ed:<br \/>\n    <span class=\"wpcf7-form-control-wrap your-message\"><textarea name=\"your-message\" cols=\"40\" rows=\"10\" class=\"wpcf7-form-control wpcf7-textarea\" aria-invalid=\"false\"><\/textarea><\/span> <\/label><\/p>\n<p><input type=\"submit\" value=\"Enviar\" class=\"wpcf7-form-control has-spinner wpcf7-submit\" \/><\/p>\n<div class=\"fusion-alert alert custom alert-custom fusion-alert-center wpcf7-response-output fusion-alert-capitalize alert-dismissable\" style=\"border-width:1px;\"><button type=\"button\" class=\"close toggle-alert\" data-dismiss=\"alert\" aria-hidden=\"true\">&times;<\/button><div class=\"fusion-alert-content-wrapper\"><span class=\"fusion-alert-content\"><\/span><\/div><\/div><\/form><\/div><div class=\"fusion-clearfix\"><\/div><\/div><\/div><\/div><\/div><\/p>\n","protected":false},"excerpt":{"rendered":"","protected":false},"author":1,"featured_media":0,"parent":0,"menu_order":0,"comment_status":"closed","ping_status":"closed","template":"","meta":[],"yoast_head":"<!-- This site is optimized with the Yoast SEO plugin v17.8 - https:\/\/yoast.com\/wordpress\/plugins\/seo\/ -->\n<title>umbwe - Deoadventure<\/title>\n<meta name=\"robots\" content=\"index, follow, max-snippet:-1, max-image-preview:large, max-video-preview:-1\" \/>\n<link rel=\"canonical\" href=\"https:\/\/www.deoadventure.co.tz\/esp\/umbwe\/\" \/>\n<meta property=\"og:locale\" content=\"en_US\" \/>\n<meta property=\"og:type\" content=\"article\" \/>\n<meta property=\"og:title\" content=\"umbwe - Deoadventure\" \/>\n<meta property=\"og:url\" content=\"https:\/\/www.deoadventure.co.tz\/esp\/umbwe\/\" \/>\n<meta property=\"og:site_name\" content=\"Deoadventure\" \/>\n<meta property=\"article:modified_time\" content=\"2021-12-11T09:38:28+00:00\" \/>\n<meta name=\"twitter:card\" content=\"summary_large_image\" \/>\n<meta name=\"twitter:label1\" content=\"Est. reading time\" \/>\n\t<meta name=\"twitter:data1\" content=\"8 minutes\" \/>\n<script type=\"application\/ld+json\" class=\"yoast-schema-graph\">{\"@context\":\"https:\/\/schema.org\",\"@graph\":[{\"@type\":\"WebSite\",\"@id\":\"https:\/\/www.deoadventure.co.tz\/esp\/#website\",\"url\":\"https:\/\/www.deoadventure.co.tz\/esp\/\",\"name\":\"Deoadventure\",\"description\":\"deoadventure\",\"potentialAction\":[{\"@type\":\"SearchAction\",\"target\":{\"@type\":\"EntryPoint\",\"urlTemplate\":\"https:\/\/www.deoadventure.co.tz\/esp\/?s={search_term_string}\"},\"query-input\":\"required name=search_term_string\"}],\"inLanguage\":\"en-US\"},{\"@type\":\"WebPage\",\"@id\":\"https:\/\/www.deoadventure.co.tz\/esp\/umbwe\/#webpage\",\"url\":\"https:\/\/www.deoadventure.co.tz\/esp\/umbwe\/\",\"name\":\"umbwe - Deoadventure\",\"isPartOf\":{\"@id\":\"https:\/\/www.deoadventure.co.tz\/esp\/#website\"},\"datePublished\":\"2020-02-08T09:47:06+00:00\",\"dateModified\":\"2021-12-11T09:38:28+00:00\",\"breadcrumb\":{\"@id\":\"https:\/\/www.deoadventure.co.tz\/esp\/umbwe\/#breadcrumb\"},\"inLanguage\":\"en-US\",\"potentialAction\":[{\"@type\":\"ReadAction\",\"target\":[\"https:\/\/www.deoadventure.co.tz\/esp\/umbwe\/\"]}]},{\"@type\":\"BreadcrumbList\",\"@id\":\"https:\/\/www.deoadventure.co.tz\/esp\/umbwe\/#breadcrumb\",\"itemListElement\":[{\"@type\":\"ListItem\",\"position\":1,\"name\":\"Home\",\"item\":\"https:\/\/www.deoadventure.co.tz\/esp\/\"},{\"@type\":\"ListItem\",\"position\":2,\"name\":\"umbwe\"}]}]}<\/script>\n<!-- \/ Yoast SEO plugin. -->","yoast_head_json":{"title":"umbwe - Deoadventure","robots":{"index":"index","follow":"follow","max-snippet":"max-snippet:-1","max-image-preview":"max-image-preview:large","max-video-preview":"max-video-preview:-1"},"canonical":"https:\/\/www.deoadventure.co.tz\/esp\/umbwe\/","og_locale":"en_US","og_type":"article","og_title":"umbwe - Deoadventure","og_url":"https:\/\/www.deoadventure.co.tz\/esp\/umbwe\/","og_site_name":"Deoadventure","article_modified_time":"2021-12-11T09:38:28+00:00","twitter_card":"summary_large_image","twitter_misc":{"Est. reading time":"8 minutes"},"schema":{"@context":"https:\/\/schema.org","@graph":[{"@type":"WebSite","@id":"https:\/\/www.deoadventure.co.tz\/esp\/#website","url":"https:\/\/www.deoadventure.co.tz\/esp\/","name":"Deoadventure","description":"deoadventure","potentialAction":[{"@type":"SearchAction","target":{"@type":"EntryPoint","urlTemplate":"https:\/\/www.deoadventure.co.tz\/esp\/?s={search_term_string}"},"query-input":"required name=search_term_string"}],"inLanguage":"en-US"},{"@type":"WebPage","@id":"https:\/\/www.deoadventure.co.tz\/esp\/umbwe\/#webpage","url":"https:\/\/www.deoadventure.co.tz\/esp\/umbwe\/","name":"umbwe - Deoadventure","isPartOf":{"@id":"https:\/\/www.deoadventure.co.tz\/esp\/#website"},"datePublished":"2020-02-08T09:47:06+00:00","dateModified":"2021-12-11T09:38:28+00:00","breadcrumb":{"@id":"https:\/\/www.deoadventure.co.tz\/esp\/umbwe\/#breadcrumb"},"inLanguage":"en-US","potentialAction":[{"@type":"ReadAction","target":["https:\/\/www.deoadventure.co.tz\/esp\/umbwe\/"]}]},{"@type":"BreadcrumbList","@id":"https:\/\/www.deoadventure.co.tz\/esp\/umbwe\/#breadcrumb","itemListElement":[{"@type":"ListItem","position":1,"name":"Home","item":"https:\/\/www.deoadventure.co.tz\/esp\/"},{"@type":"ListItem","position":2,"name":"umbwe"}]}]}},"_links":{"self":[{"href":"https:\/\/www.deoadventure.co.tz\/esp\/wp-json\/wp\/v2\/pages\/1050"}],"collection":[{"href":"https:\/\/www.deoadventure.co.tz\/esp\/wp-json\/wp\/v2\/pages"}],"about":[{"href":"https:\/\/www.deoadventure.co.tz\/esp\/wp-json\/wp\/v2\/types\/page"}],"author":[{"embeddable":true,"href":"https:\/\/www.deoadventure.co.tz\/esp\/wp-json\/wp\/v2\/users\/1"}],"replies":[{"embeddable":true,"href":"https:\/\/www.deoadventure.co.tz\/esp\/wp-json\/wp\/v2\/comments?post=1050"}],"version-history":[{"count":9,"href":"https:\/\/www.deoadventure.co.tz\/esp\/wp-json\/wp\/v2\/pages\/1050\/revisions"}],"predecessor-version":[{"id":1936,"href":"https:\/\/www.deoadventure.co.tz\/esp\/wp-json\/wp\/v2\/pages\/1050\/revisions\/1936"}],"wp:attachment":[{"href":"https:\/\/www.deoadventure.co.tz\/esp\/wp-json\/wp\/v2\/media?parent=1050"}],"curies":[{"name":"wp","href":"https:\/\/api.w.org\/{rel}","templated":true}]}}