{"id":1053,"date":"2020-02-08T09:34:10","date_gmt":"2020-02-08T09:34:10","guid":{"rendered":"https:\/\/www.deoadventure.co.tz\/esp\/?page_id=1053"},"modified":"2021-12-11T09:40:15","modified_gmt":"2021-12-11T09:40:15","slug":"rongai","status":"publish","type":"page","link":"https:\/\/www.deoadventure.co.tz\/esp\/rongai\/","title":{"rendered":"rongai"},"content":{"rendered":"<p><div class=\"fusion-fullwidth fullwidth-box fusion-builder-row-1 nonhundred-percent-fullwidth non-hundred-percent-height-scrolling\" style=\"background-color: rgba(255,255,255,0);background-position: center center;background-repeat: no-repeat;padding-top:0px;padding-right:0px;padding-bottom:0px;padding-left:0px;margin-bottom: 0px;margin-top: 0px;border-width: 0px 0px 0px 0px;border-color:#eae9e9;border-style:solid;\" ><div class=\"fusion-builder-row fusion-row\"><div class=\"fusion-layout-column fusion_builder_column fusion-builder-column-0 fusion_builder_column_1_1 1_1 fusion-one-full fusion-column-first fusion-column-last\" style=\"margin-top:0px;margin-bottom:0px;\"><div class=\"fusion-column-wrapper fusion-flex-column-wrapper-legacy\" style=\"background-position:left top;background-repeat:no-repeat;-webkit-background-size:cover;-moz-background-size:cover;-o-background-size:cover;background-size:cover;padding: 0px 0px 0px 0px;\"><div class=\"fusion-text fusion-text-1\"><div class=\"adv_bg_kilimanjaro2\"><\/div>\n<\/div><div class=\"fusion-clearfix\"><\/div><\/div><\/div><\/div><\/div><div class=\"fusion-fullwidth fullwidth-box fusion-builder-row-2 nonhundred-percent-fullwidth non-hundred-percent-height-scrolling\" style=\"background-color: rgba(255,255,255,0);background-position: center center;background-repeat: no-repeat;padding-top:0px;padding-right:30px;padding-bottom:30px;padding-left:30px;margin-bottom: 0px;margin-top: -150px;border-width: 0px 0px 0px 0px;border-color:#eae9e9;border-style:solid;\" ><div class=\"fusion-builder-row fusion-row\"><div class=\"fusion-layout-column fusion_builder_column fusion-builder-column-1 fusion_builder_column_2_3 2_3 fusion-two-third fusion-column-first adv_contents_included\" style=\"width:66.666666666667%;width:calc(66.666666666667% - ( ( 4% ) * 0.66666666666667 ) );margin-right: 4%;margin-top:0px;margin-bottom:0px;\"><div class=\"fusion-column-wrapper fusion-flex-column-wrapper-legacy\" style=\"background-position:left top;background-repeat:no-repeat;-webkit-background-size:cover;-moz-background-size:cover;-o-background-size:cover;background-size:cover;padding: 0px 0px 0px 0px;\"><div class=\"fusion-text fusion-text-2\"><div class=\"grid_margin\">\n<p>The Rongai route starts just south of Kenya- Tanzania border and has been almost unused for many years because the area was considered sensitive. Now open for climbing once again, experienced guides consider this ascent route to be both easier and more beautiful than the main Marangu trail.<\/p>\n<p><strong>Tour Name:- Secluded Kilimanjaro<br \/>\nRoute:- Rongai<br \/>\nDuration:- 7 days and 6 nights (5 days on the mountain)<br \/>\n<\/strong><\/p>\n<p><strong>\u00a0Sample Itinerary<\/strong><\/p>\n<\/div>\n<div>\n<p>Machame Route<\/p>\n<table class=\"timecard\" style=\"width: 1024px; height: 711px;\" width=\"100%\">\n<thead>\n<tr>\n<th id=\"thm\" style=\"width: 10%;\" align=\"right\">Day<\/th>\n<th id=\"ths\" style=\"width: 10%;\" align=\"right\">Time<\/th>\n<th id=\"tht\" style=\"width: 70%;\" align=\"right\">Itinerary<\/th>\n<th id=\"thp\" style=\"width: 10%;\" align=\"right\">Accomodation<\/th>\n<\/tr>\n<\/thead>\n<tbody>\n<tr class=\"odd\">\n<td align=\"left\">1<\/td>\n<td align=\"left\"><i class=\"fas fa-cloud-sun-rain\" style=\"color: #f2bf2a;\">\u00a0<\/i><\/td>\n<td align=\"left\"><strong>Arrive Moshi<\/strong><br \/>\nUpon arrival you will be met by our representative and transferred to your hotel. Meet your climbing guide for briefing and final gear check. Overnight at the hotel.<\/td>\n<td align=\"left\">Kilimanjaro Impala Hotel.<br \/>\nBed&amp;Breakfast<\/td>\n<\/tr>\n<tr class=\"even\">\n<td align=\"left\">2<\/td>\n<td align=\"left\"><i class=\"fas fa-cloud-sun-rain\" style=\"color: #f2bf2a;\"> AM<\/i><\/td>\n<td align=\"left\"><strong>Moshi \u2013 Second Cave camp (11,160ft\/3400m) <\/strong><br \/>\nDrive to Kilimanjaro National Park gate for entry formalities then proceed to the starting point. Climb with picnic lunch to Second Cave (3400m) and spend the night here. From this point, you will enjoy a panoramic view of beautiful flower fields, Lake Chara and the Mawenzi peak.<\/td>\n<td align=\"left\">Second Cave. Fullboard<\/td>\n<\/tr>\n<tr class=\"odd\">\n<td align=\"left\">3<\/td>\n<td align=\"left\"><i class=\"fas fa-cloud-showers-heavy\" style=\"color: #f2bf2a;\">\u00a0AM<\/i><\/td>\n<td align=\"left\"><strong>Second Cave camp \u2013 Third Cave camp (12,800ft\/3900m)<\/strong><br \/>\nAfter breakfast, ascend to third Cave with picnic lunch on the way. Spend the rest of the day relaxing which helps acclimatize.<\/td>\n<td align=\"left\">Third Cave. Fullboard<\/td>\n<\/tr>\n<tr class=\"even\">\n<td align=\"left\">4<\/td>\n<td align=\"left\"><i class=\"fas fa-cloud-showers-heavy\" style=\"color: #f2bf2a;\">\u00a0AM<\/i><\/td>\n<td align=\"left\"><strong>Third Cave camp \u2013 School hut (15,090ft\/4600m) <\/strong><br \/>\nProceed to School hut with packed lunch. Have dinner and prepare for the final ascend to the summit.<\/td>\n<td align=\"left\">School Hut. Fullboard<\/td>\n<\/tr>\n<tr class=\"odd\">\n<td align=\"left\">5<\/td>\n<td align=\"left\"><i class=\"fas fa-cloud-showers-heavy\" style=\"color: #f2bf2a;\"> AM<\/i><\/td>\n<td align=\"left\"><strong>School hut \u2013 Summit (19,340ft\/5895m) \u2013 Horombo hut <\/strong><br \/>\nTake the mid-night hike to Uhuru peak, the highest point in Africa getting there at sunrise. Descend to Horombo hut for lunch, dinner and stay overnight.<\/td>\n<td align=\"left\">Horombo Hut.<br \/>\nFullboard<\/td>\n<\/tr>\n<tr class=\"even\">\n<td align=\"left\">6<\/td>\n<td align=\"left\"><i class=\"fas fa-cloud-sun\" style=\"color: #f2bf2a;\">\u00a0Midnight<\/i><\/td>\n<td align=\"left\"><strong>Horombo hut \u2013 Moshi<\/strong><br \/>\nWalk down to the park gate then drive to the hotel in Moshi town.<\/td>\n<td align=\"left\">Kilimanjaro Impala Hotel. Bed&amp;Breakfast<\/td>\n<\/tr>\n<tr class=\"odd\">\n<td align=\"left\">7<\/td>\n<td align=\"left\"><i class=\"fas fa-cloud-sun\" style=\"color: #f2bf2a;\">\u00a0AM<\/i><\/td>\n<td align=\"left\"><strong>Depart Moshi<\/strong><br \/>\nDepart Moshi for onward or catch flight back home.<\/td>\n<td align=\"left\"><\/td>\n<\/tr>\n<tr class=\"odd\">\n<td align=\"left\"><\/td>\n<td align=\"left\"><i class=\"fas fa-cloud-sun\" style=\"color: #f2bf2a;\">\u00a0<\/i><\/td>\n<td align=\"left\"><\/td>\n<\/tr>\n<\/tbody>\n<\/table>\n<\/div>\n<\/div><div class=\"fusion-clearfix\"><\/div><\/div><\/div><div class=\"fusion-layout-column fusion_builder_column fusion-builder-column-2 fusion_builder_column_1_4 1_4 fusion-one-fourth fusion-column-last adv_contents_included2\" style=\"width:25%;width:calc(25% - ( ( 4% ) * 0.25 ) );margin-top:0px;margin-bottom:0px;\"><div class=\"fusion-column-wrapper fusion-flex-column-wrapper-legacy\" style=\"background-position:left top;background-repeat:no-repeat;-webkit-background-size:cover;-moz-background-size:cover;-o-background-size:cover;background-size:cover;padding: 0px 0px 0px 0px;\"><div class=\"fusion-text fusion-text-3\"><div class=\"adv_title2\" style=\"text-align: left; margin-bottom: 10px;\">Solicita Ahora!<\/div>\n<\/div><div role=\"form\" class=\"wpcf7\" id=\"wpcf7-f564-o1\" lang=\"en-US\" dir=\"ltr\">\n<div class=\"screen-reader-response\"><p role=\"status\" aria-live=\"polite\" aria-atomic=\"true\"><\/p> <ul><\/ul><\/div>\n<form action=\"\/esp\/wp-json\/wp\/v2\/pages\/1053#wpcf7-f564-o1\" method=\"post\" class=\"wpcf7-form init\" novalidate=\"novalidate\" data-status=\"init\">\n<div style=\"display: none;\">\n<input type=\"hidden\" name=\"_wpcf7\" value=\"564\" \/>\n<input type=\"hidden\" name=\"_wpcf7_version\" value=\"5.5.3\" \/>\n<input type=\"hidden\" name=\"_wpcf7_locale\" value=\"en_US\" \/>\n<input type=\"hidden\" name=\"_wpcf7_unit_tag\" value=\"wpcf7-f564-o1\" \/>\n<input type=\"hidden\" name=\"_wpcf7_container_post\" value=\"0\" \/>\n<input type=\"hidden\" name=\"_wpcf7_posted_data_hash\" value=\"\" \/>\n<input type=\"hidden\" name=\"_wpcf7_recaptcha_response\" value=\"\" \/>\n<\/div>\n<div style=\"display:none\"><span class=\"wpcf7-form-control-wrap itinerary\"><input type=\"text\" name=\"itinerary\" value=\"ITINERARY_VALUE\" size=\"40\" class=\"wpcf7-form-control wpcf7-text\" aria-invalid=\"false\" \/><\/span><\/div>\n<p><label> Tu Nombre (Requerido)<br \/>\n    <span class=\"wpcf7-form-control-wrap your-name\"><input type=\"text\" name=\"your-name\" value=\"\" size=\"40\" class=\"wpcf7-form-control wpcf7-text wpcf7-validates-as-required\" aria-required=\"true\" aria-invalid=\"false\" \/><\/span> <\/label><\/p>\n<p><label> Tu Correo (Requerido)<br \/>\n    <span class=\"wpcf7-form-control-wrap your-email\"><input type=\"email\" name=\"your-email\" value=\"\" size=\"40\" class=\"wpcf7-form-control wpcf7-text wpcf7-email wpcf7-validates-as-required wpcf7-validates-as-email\" aria-required=\"true\" aria-invalid=\"false\" \/><\/span> <\/label><\/p>\n<p><label> Fecha del viaje (Requerido)<br \/>\n    <span class=\"wpcf7-form-control-wrap arrival\"><input type=\"date\" name=\"arrival\" value=\"\" class=\"wpcf7-form-control wpcf7-date wpcf7-validates-as-required wpcf7-validates-as-date\" aria-required=\"true\" aria-invalid=\"false\" \/><\/span> <\/label><\/p>\n<p><label> N\u00famero de personas (Requerido)<br \/>\n    <span class=\"wpcf7-form-control-wrap noofguests\"><input type=\"number\" name=\"noofguests\" value=\"\" class=\"wpcf7-form-control wpcf7-number wpcf7-validates-as-required wpcf7-validates-as-number\" aria-required=\"true\" aria-invalid=\"false\" \/><\/span> <\/label><\/p>\n<p><label> Como nos encuentras (Requerido)<br \/>\n<span class=\"wpcf7-form-control-wrap howyoufindus\"><select name=\"howyoufindus\" class=\"wpcf7-form-control wpcf7-select wpcf7-validates-as-required\" aria-required=\"true\" aria-invalid=\"false\"><option value=\"---\">---<\/option><option value=\"Un Amigo\">Un Amigo<\/option><option value=\"Google\">Google<\/option><option value=\"Otros\">Otros<\/option><\/select><\/span><\/label><\/p>\n<p><label> Si deseas hacer un viaje a medida o quieres comentarnos algo sobre el safari que has escogido (d\u00edas de acampada, ...) especif\u00edcalo aqu\u00ed:<br \/>\n    <span class=\"wpcf7-form-control-wrap your-message\"><textarea name=\"your-message\" cols=\"40\" rows=\"10\" class=\"wpcf7-form-control wpcf7-textarea\" aria-invalid=\"false\"><\/textarea><\/span> <\/label><\/p>\n<p><input type=\"submit\" value=\"Enviar\" class=\"wpcf7-form-control has-spinner wpcf7-submit\" \/><\/p>\n<div class=\"fusion-alert alert custom alert-custom fusion-alert-center wpcf7-response-output fusion-alert-capitalize alert-dismissable\" style=\"border-width:1px;\"><button type=\"button\" class=\"close toggle-alert\" data-dismiss=\"alert\" aria-hidden=\"true\">&times;<\/button><div class=\"fusion-alert-content-wrapper\"><span class=\"fusion-alert-content\"><\/span><\/div><\/div><\/form><\/div><div class=\"fusion-clearfix\"><\/div><\/div><\/div><\/div><\/div><\/p>\n","protected":false},"excerpt":{"rendered":"","protected":false},"author":1,"featured_media":0,"parent":0,"menu_order":0,"comment_status":"closed","ping_status":"closed","template":"","meta":[],"yoast_head":"<!-- This site is optimized with the Yoast SEO plugin v17.8 - https:\/\/yoast.com\/wordpress\/plugins\/seo\/ -->\n<title>rongai - Deoadventure<\/title>\n<meta name=\"robots\" content=\"index, follow, max-snippet:-1, max-image-preview:large, max-video-preview:-1\" \/>\n<link rel=\"canonical\" href=\"https:\/\/www.deoadventure.co.tz\/esp\/rongai\/\" \/>\n<meta property=\"og:locale\" content=\"en_US\" \/>\n<meta property=\"og:type\" content=\"article\" \/>\n<meta property=\"og:title\" content=\"rongai - Deoadventure\" \/>\n<meta property=\"og:url\" content=\"https:\/\/www.deoadventure.co.tz\/esp\/rongai\/\" \/>\n<meta property=\"og:site_name\" content=\"Deoadventure\" \/>\n<meta property=\"article:modified_time\" content=\"2021-12-11T09:40:15+00:00\" \/>\n<meta name=\"twitter:card\" content=\"summary_large_image\" \/>\n<meta name=\"twitter:label1\" content=\"Est. reading time\" \/>\n\t<meta name=\"twitter:data1\" content=\"8 minutes\" \/>\n<script type=\"application\/ld+json\" class=\"yoast-schema-graph\">{\"@context\":\"https:\/\/schema.org\",\"@graph\":[{\"@type\":\"WebSite\",\"@id\":\"https:\/\/www.deoadventure.co.tz\/esp\/#website\",\"url\":\"https:\/\/www.deoadventure.co.tz\/esp\/\",\"name\":\"Deoadventure\",\"description\":\"deoadventure\",\"potentialAction\":[{\"@type\":\"SearchAction\",\"target\":{\"@type\":\"EntryPoint\",\"urlTemplate\":\"https:\/\/www.deoadventure.co.tz\/esp\/?s={search_term_string}\"},\"query-input\":\"required name=search_term_string\"}],\"inLanguage\":\"en-US\"},{\"@type\":\"WebPage\",\"@id\":\"https:\/\/www.deoadventure.co.tz\/esp\/rongai\/#webpage\",\"url\":\"https:\/\/www.deoadventure.co.tz\/esp\/rongai\/\",\"name\":\"rongai - Deoadventure\",\"isPartOf\":{\"@id\":\"https:\/\/www.deoadventure.co.tz\/esp\/#website\"},\"datePublished\":\"2020-02-08T09:34:10+00:00\",\"dateModified\":\"2021-12-11T09:40:15+00:00\",\"breadcrumb\":{\"@id\":\"https:\/\/www.deoadventure.co.tz\/esp\/rongai\/#breadcrumb\"},\"inLanguage\":\"en-US\",\"potentialAction\":[{\"@type\":\"ReadAction\",\"target\":[\"https:\/\/www.deoadventure.co.tz\/esp\/rongai\/\"]}]},{\"@type\":\"BreadcrumbList\",\"@id\":\"https:\/\/www.deoadventure.co.tz\/esp\/rongai\/#breadcrumb\",\"itemListElement\":[{\"@type\":\"ListItem\",\"position\":1,\"name\":\"Home\",\"item\":\"https:\/\/www.deoadventure.co.tz\/esp\/\"},{\"@type\":\"ListItem\",\"position\":2,\"name\":\"rongai\"}]}]}<\/script>\n<!-- \/ Yoast SEO plugin. -->","yoast_head_json":{"title":"rongai - Deoadventure","robots":{"index":"index","follow":"follow","max-snippet":"max-snippet:-1","max-image-preview":"max-image-preview:large","max-video-preview":"max-video-preview:-1"},"canonical":"https:\/\/www.deoadventure.co.tz\/esp\/rongai\/","og_locale":"en_US","og_type":"article","og_title":"rongai - Deoadventure","og_url":"https:\/\/www.deoadventure.co.tz\/esp\/rongai\/","og_site_name":"Deoadventure","article_modified_time":"2021-12-11T09:40:15+00:00","twitter_card":"summary_large_image","twitter_misc":{"Est. reading time":"8 minutes"},"schema":{"@context":"https:\/\/schema.org","@graph":[{"@type":"WebSite","@id":"https:\/\/www.deoadventure.co.tz\/esp\/#website","url":"https:\/\/www.deoadventure.co.tz\/esp\/","name":"Deoadventure","description":"deoadventure","potentialAction":[{"@type":"SearchAction","target":{"@type":"EntryPoint","urlTemplate":"https:\/\/www.deoadventure.co.tz\/esp\/?s={search_term_string}"},"query-input":"required name=search_term_string"}],"inLanguage":"en-US"},{"@type":"WebPage","@id":"https:\/\/www.deoadventure.co.tz\/esp\/rongai\/#webpage","url":"https:\/\/www.deoadventure.co.tz\/esp\/rongai\/","name":"rongai - Deoadventure","isPartOf":{"@id":"https:\/\/www.deoadventure.co.tz\/esp\/#website"},"datePublished":"2020-02-08T09:34:10+00:00","dateModified":"2021-12-11T09:40:15+00:00","breadcrumb":{"@id":"https:\/\/www.deoadventure.co.tz\/esp\/rongai\/#breadcrumb"},"inLanguage":"en-US","potentialAction":[{"@type":"ReadAction","target":["https:\/\/www.deoadventure.co.tz\/esp\/rongai\/"]}]},{"@type":"BreadcrumbList","@id":"https:\/\/www.deoadventure.co.tz\/esp\/rongai\/#breadcrumb","itemListElement":[{"@type":"ListItem","position":1,"name":"Home","item":"https:\/\/www.deoadventure.co.tz\/esp\/"},{"@type":"ListItem","position":2,"name":"rongai"}]}]}},"_links":{"self":[{"href":"https:\/\/www.deoadventure.co.tz\/esp\/wp-json\/wp\/v2\/pages\/1053"}],"collection":[{"href":"https:\/\/www.deoadventure.co.tz\/esp\/wp-json\/wp\/v2\/pages"}],"about":[{"href":"https:\/\/www.deoadventure.co.tz\/esp\/wp-json\/wp\/v2\/types\/page"}],"author":[{"embeddable":true,"href":"https:\/\/www.deoadventure.co.tz\/esp\/wp-json\/wp\/v2\/users\/1"}],"replies":[{"embeddable":true,"href":"https:\/\/www.deoadventure.co.tz\/esp\/wp-json\/wp\/v2\/comments?post=1053"}],"version-history":[{"count":7,"href":"https:\/\/www.deoadventure.co.tz\/esp\/wp-json\/wp\/v2\/pages\/1053\/revisions"}],"predecessor-version":[{"id":1880,"href":"https:\/\/www.deoadventure.co.tz\/esp\/wp-json\/wp\/v2\/pages\/1053\/revisions\/1880"}],"wp:attachment":[{"href":"https:\/\/www.deoadventure.co.tz\/esp\/wp-json\/wp\/v2\/media?parent=1053"}],"curies":[{"name":"wp","href":"https:\/\/api.w.org\/{rel}","templated":true}]}}