{"id":1101,"date":"2020-02-17T11:22:06","date_gmt":"2020-02-17T11:22:06","guid":{"rendered":"https:\/\/www.deoadventure.co.tz\/esp\/?page_id=1101"},"modified":"2021-02-06T16:57:49","modified_gmt":"2021-02-06T16:57:49","slug":"terms-and-condition","status":"publish","type":"page","link":"https:\/\/www.deoadventure.co.tz\/esp\/terms-and-condition\/","title":{"rendered":"terms and condition"},"content":{"rendered":"<div class=\"fusion-fullwidth fullwidth-box fusion-builder-row-1 nonhundred-percent-fullwidth non-hundred-percent-height-scrolling\" style=\"background-color: rgba(255,255,255,0);background-position: center center;background-repeat: no-repeat;padding-top:0px;padding-right:0px;padding-bottom:0px;padding-left:0px;margin-bottom: 0px;margin-top: 0px;border-width: 0px 0px 0px 0px;border-color:#eae9e9;border-style:solid;\" ><div class=\"fusion-builder-row fusion-row\"><div class=\"fusion-layout-column fusion_builder_column fusion-builder-column-0 fusion_builder_column_1_1 1_1 fusion-one-full fusion-column-first fusion-column-last\" style=\"margin-top:0px;margin-bottom:0px;\"><div class=\"fusion-column-wrapper fusion-flex-column-wrapper-legacy\" style=\"background-position:left top;background-repeat:no-repeat;-webkit-background-size:cover;-moz-background-size:cover;-o-background-size:cover;background-size:cover;padding: 0px 0px 0px 0px;\"><div class=\"fusion-text fusion-text-1\"><div style=\"width: 100%; height: 600px; background-image: url('https:\/\/www.deoadventure.co.tz\/esp\/wp-content\/uploads\/2020\/01\/Lions_Lioness_Glance_554475_1920x1080.jpg');\"><\/div>\n<\/div><div class=\"fusion-text fusion-text-2\"><p class=\"adv_title3\" style=\"margin-top: 25px; text-align: left;\">CONSIDERACIONES<\/p>\n<div class=\"adv_contents_terms\">\nUn viaje a \u00c1frica, comporta, en ocasiones, una serie de imprevistos o incidencias que dif\u00edcilmente pueden controlarse, debido, en su mayor\u00eda, por la escasa infraestructura del pa\u00eds.<br \/>\nEste tipo de viaje, necesita que el viajero est\u00e9 predispuesto, con una actitud positiva y tolerante, y que cualquier contratiempo (aver\u00eda, climatolog\u00eda) se viva como una experiencia singular.<br \/>\nEl personal de Deoadventure har\u00e1 todo lo posible por resolver los incidentes que puedan ocurrir durante el viaje pero no puede responsabilizarse de los inconvenientes que est\u00e1n claramente fuera de su control.<\/p>\n<p>Por la gran afluencia de turismo en determinadas \u00e9pocas del a\u00f1o en Tanzania, lasreservas de \u00faltima hora pueden sufrir modificaciones en los alojamientos solicitados. En ese caso, Deoadventure buscar\u00e1 alternativas de similares condiciones, reajustando el precio si fuera necesario.<\/p>\n<p>En caso de que los precios de alojamientos, tasas de entrada a los parques &#8230;se vean incrementados en m\u00e1s de un 5%, Deoadventure se reserva el derecho de ajustar los precios. Todos los precios mencionados son susceptibles de ser modificados hasta el d\u00eda de la confirmaci\u00f3n de la reserva.<\/p>\n<p>El pago de los safaris contratados con Deoadventure se realizar\u00e1n siempre en d\u00f3lares, debido a que se trata de una touroperador tanzano y les pagos se realizan directamente a una cuenta en Tanzania.<\/p>\n<p>Deoadventure act\u00faa como representante de los viajeros durante todo el safari (alojamientos, viajes, transporte etc.) procurando que todo se desarrolle con normalidad, pero en ning\u00fan caso se responsabiliza de da\u00f1os, deterioros, retrasos o p\u00e9rdidas. La responsabilidad de la compa\u00f1\u00eda hacia los pasajeros que transporta en sus propios veh\u00edculos est\u00e1 regulada por las leyes del pa\u00eds donde se realiza el safari. Todas las reclamaciones est\u00e1 sujetas a la jurisdicci\u00f3n del pa\u00eds donde se realiza el safari. Recomendamos contratar un seguro pesonal de viaje de acuerdo a las caracter\u00edsticas del mismo.<\/p>\n<p>Si tienes alguna queja o reclamaci\u00f3n durante el safari, informa al gu\u00eda o al representante de Deoadventure, quien har\u00e1 todo lo que est\u00e9 en su mano por solucionarlo.<\/p>\n<p>Deoadventure se compromete a devolver la parte proporcional del importe del safari en caso de sufrir cualquier incidente o percance cuya responsabilidad sea de Deoadventure.\n<\/p>\n<\/div>\n<\/div><div class=\"fusion-clearfix\"><\/div><\/div><\/div><\/div><\/div>\n","protected":false},"excerpt":{"rendered":"","protected":false},"author":2,"featured_media":0,"parent":0,"menu_order":0,"comment_status":"closed","ping_status":"closed","template":"","meta":[],"yoast_head":"<!-- This site is optimized with the Yoast SEO plugin v17.8 - https:\/\/yoast.com\/wordpress\/plugins\/seo\/ -->\n<title>terms and condition - Deoadventure<\/title>\n<meta name=\"robots\" content=\"index, follow, max-snippet:-1, max-image-preview:large, max-video-preview:-1\" \/>\n<link rel=\"canonical\" href=\"https:\/\/www.deoadventure.co.tz\/esp\/terms-and-condition\/\" \/>\n<meta property=\"og:locale\" content=\"en_US\" \/>\n<meta property=\"og:type\" content=\"article\" \/>\n<meta property=\"og:title\" content=\"terms and condition - Deoadventure\" \/>\n<meta property=\"og:url\" content=\"https:\/\/www.deoadventure.co.tz\/esp\/terms-and-condition\/\" \/>\n<meta property=\"og:site_name\" content=\"Deoadventure\" \/>\n<meta property=\"article:modified_time\" content=\"2021-02-06T16:57:49+00:00\" \/>\n<meta name=\"twitter:card\" content=\"summary_large_image\" \/>\n<meta name=\"twitter:label1\" content=\"Est. reading time\" \/>\n\t<meta name=\"twitter:data1\" content=\"3 minutes\" \/>\n<script type=\"application\/ld+json\" class=\"yoast-schema-graph\">{\"@context\":\"https:\/\/schema.org\",\"@graph\":[{\"@type\":\"WebSite\",\"@id\":\"https:\/\/www.deoadventure.co.tz\/esp\/#website\",\"url\":\"https:\/\/www.deoadventure.co.tz\/esp\/\",\"name\":\"Deoadventure\",\"description\":\"deoadventure\",\"potentialAction\":[{\"@type\":\"SearchAction\",\"target\":{\"@type\":\"EntryPoint\",\"urlTemplate\":\"https:\/\/www.deoadventure.co.tz\/esp\/?s={search_term_string}\"},\"query-input\":\"required name=search_term_string\"}],\"inLanguage\":\"en-US\"},{\"@type\":\"WebPage\",\"@id\":\"https:\/\/www.deoadventure.co.tz\/esp\/terms-and-condition\/#webpage\",\"url\":\"https:\/\/www.deoadventure.co.tz\/esp\/terms-and-condition\/\",\"name\":\"terms and condition - Deoadventure\",\"isPartOf\":{\"@id\":\"https:\/\/www.deoadventure.co.tz\/esp\/#website\"},\"datePublished\":\"2020-02-17T11:22:06+00:00\",\"dateModified\":\"2021-02-06T16:57:49+00:00\",\"breadcrumb\":{\"@id\":\"https:\/\/www.deoadventure.co.tz\/esp\/terms-and-condition\/#breadcrumb\"},\"inLanguage\":\"en-US\",\"potentialAction\":[{\"@type\":\"ReadAction\",\"target\":[\"https:\/\/www.deoadventure.co.tz\/esp\/terms-and-condition\/\"]}]},{\"@type\":\"BreadcrumbList\",\"@id\":\"https:\/\/www.deoadventure.co.tz\/esp\/terms-and-condition\/#breadcrumb\",\"itemListElement\":[{\"@type\":\"ListItem\",\"position\":1,\"name\":\"Home\",\"item\":\"https:\/\/www.deoadventure.co.tz\/esp\/\"},{\"@type\":\"ListItem\",\"position\":2,\"name\":\"terms and condition\"}]}]}<\/script>\n<!-- \/ Yoast SEO plugin. -->","yoast_head_json":{"title":"terms and condition - Deoadventure","robots":{"index":"index","follow":"follow","max-snippet":"max-snippet:-1","max-image-preview":"max-image-preview:large","max-video-preview":"max-video-preview:-1"},"canonical":"https:\/\/www.deoadventure.co.tz\/esp\/terms-and-condition\/","og_locale":"en_US","og_type":"article","og_title":"terms and condition - Deoadventure","og_url":"https:\/\/www.deoadventure.co.tz\/esp\/terms-and-condition\/","og_site_name":"Deoadventure","article_modified_time":"2021-02-06T16:57:49+00:00","twitter_card":"summary_large_image","twitter_misc":{"Est. reading time":"3 minutes"},"schema":{"@context":"https:\/\/schema.org","@graph":[{"@type":"WebSite","@id":"https:\/\/www.deoadventure.co.tz\/esp\/#website","url":"https:\/\/www.deoadventure.co.tz\/esp\/","name":"Deoadventure","description":"deoadventure","potentialAction":[{"@type":"SearchAction","target":{"@type":"EntryPoint","urlTemplate":"https:\/\/www.deoadventure.co.tz\/esp\/?s={search_term_string}"},"query-input":"required name=search_term_string"}],"inLanguage":"en-US"},{"@type":"WebPage","@id":"https:\/\/www.deoadventure.co.tz\/esp\/terms-and-condition\/#webpage","url":"https:\/\/www.deoadventure.co.tz\/esp\/terms-and-condition\/","name":"terms and condition - Deoadventure","isPartOf":{"@id":"https:\/\/www.deoadventure.co.tz\/esp\/#website"},"datePublished":"2020-02-17T11:22:06+00:00","dateModified":"2021-02-06T16:57:49+00:00","breadcrumb":{"@id":"https:\/\/www.deoadventure.co.tz\/esp\/terms-and-condition\/#breadcrumb"},"inLanguage":"en-US","potentialAction":[{"@type":"ReadAction","target":["https:\/\/www.deoadventure.co.tz\/esp\/terms-and-condition\/"]}]},{"@type":"BreadcrumbList","@id":"https:\/\/www.deoadventure.co.tz\/esp\/terms-and-condition\/#breadcrumb","itemListElement":[{"@type":"ListItem","position":1,"name":"Home","item":"https:\/\/www.deoadventure.co.tz\/esp\/"},{"@type":"ListItem","position":2,"name":"terms and condition"}]}]}},"_links":{"self":[{"href":"https:\/\/www.deoadventure.co.tz\/esp\/wp-json\/wp\/v2\/pages\/1101"}],"collection":[{"href":"https:\/\/www.deoadventure.co.tz\/esp\/wp-json\/wp\/v2\/pages"}],"about":[{"href":"https:\/\/www.deoadventure.co.tz\/esp\/wp-json\/wp\/v2\/types\/page"}],"author":[{"embeddable":true,"href":"https:\/\/www.deoadventure.co.tz\/esp\/wp-json\/wp\/v2\/users\/2"}],"replies":[{"embeddable":true,"href":"https:\/\/www.deoadventure.co.tz\/esp\/wp-json\/wp\/v2\/comments?post=1101"}],"version-history":[{"count":18,"href":"https:\/\/www.deoadventure.co.tz\/esp\/wp-json\/wp\/v2\/pages\/1101\/revisions"}],"predecessor-version":[{"id":1690,"href":"https:\/\/www.deoadventure.co.tz\/esp\/wp-json\/wp\/v2\/pages\/1101\/revisions\/1690"}],"wp:attachment":[{"href":"https:\/\/www.deoadventure.co.tz\/esp\/wp-json\/wp\/v2\/media?parent=1101"}],"curies":[{"name":"wp","href":"https:\/\/api.w.org\/{rel}","templated":true}]}}