{"id":1529,"date":"2021-01-28T17:09:35","date_gmt":"2021-01-28T17:09:35","guid":{"rendered":"https:\/\/www.deoadventure.co.tz\/esp\/?page_id=1529"},"modified":"2021-02-04T06:33:05","modified_gmt":"2021-02-04T06:33:05","slug":"karibu-saadani-7-dias","status":"publish","type":"page","link":"https:\/\/www.deoadventure.co.tz\/esp\/karibu-saadani-7-dias\/","title":{"rendered":"Karibu Saadani (7 d\u00edas)"},"content":{"rendered":"<p><div class=\"fusion-fullwidth fullwidth-box fusion-builder-row-1 nonhundred-percent-fullwidth non-hundred-percent-height-scrolling\" style=\"background-color: rgba(255,255,255,0);background-position: center center;background-repeat: no-repeat;padding-top:0px;padding-right:0px;padding-bottom:0px;padding-left:0px;margin-bottom: 0px;margin-top: 0px;border-width: 0px 0px 0px 0px;border-color:#eae9e9;border-style:solid;\" ><div class=\"fusion-builder-row fusion-row\"><div class=\"fusion-layout-column fusion_builder_column fusion-builder-column-0 fusion_builder_column_1_1 1_1 fusion-one-full fusion-column-first fusion-column-last\" style=\"margin-top:0px;margin-bottom:0px;\"><div class=\"fusion-column-wrapper fusion-flex-column-wrapper-legacy\" style=\"background-position:left top;background-repeat:no-repeat;-webkit-background-size:cover;-moz-background-size:cover;-o-background-size:cover;background-size:cover;padding: 0px 0px 0px 0px;\"><div class=\"fusion-text fusion-text-1\"><div style=\"width: 100%; height: 600px; background-image: url('https:\/\/www.deoadventure.co.tz\/esp\/wp-content\/uploads\/2020\/01\/Lions_Lioness_Glance_554475_1920x1080.jpg');\"><\/div>\n<\/div><div class=\"fusion-clearfix\"><\/div><\/div><\/div><\/div><\/div><div class=\"fusion-fullwidth fullwidth-box fusion-builder-row-2 nonhundred-percent-fullwidth non-hundred-percent-height-scrolling\" style=\"background-color: rgba(255,255,255,0);background-position: center center;background-repeat: no-repeat;padding-top:0px;padding-right:30px;padding-bottom:30px;padding-left:30px;margin-bottom: 0px;margin-top: -150px;border-width: 0px 0px 0px 0px;border-color:#eae9e9;border-style:solid;\" ><div class=\"fusion-builder-row fusion-row\"><div class=\"fusion-layout-column fusion_builder_column fusion-builder-column-1 fusion_builder_column_2_3 2_3 fusion-two-third fusion-column-first adv_contents_included\" style=\"width:66.666666666667%;width:calc(66.666666666667% - ( ( 4% ) * 0.66666666666667 ) );margin-right: 4%;margin-top:0px;margin-bottom:0px;\"><div class=\"fusion-column-wrapper fusion-flex-column-wrapper-legacy\" style=\"background-position:left top;background-repeat:no-repeat;-webkit-background-size:cover;-moz-background-size:cover;-o-background-size:cover;background-size:cover;padding: 0px 0px 0px 0px;\"><div class=\"fusion-text fusion-text-2\"><h2 class=\"eap_section_title eap_section_title_1547\"> <span class=\"adv_title2\"> KARIBU SAADANI<\/span> <\/h2><div id=\"sp-ea-1547\" class=\"sp-ea-one sp-easy-accordion\" data-ex-icon=\"fa-minus\" data-col-icon=\"fa-plus\"  data-ea-active=\"ea-click\"  data-ea-mode=\"vertical\" data-preloader=\"\"><div class=\"ea-card ea-expand sp-ea-single\"><h3 class=\"ea-header\"><a class=\"collapsed\" data-sptoggle=\"spcollapse\" data-sptarget=#collapse15470 href=\"javascript:void(0)\" aria-expanded=\"true\"><i class=\"ea-expand-icon fa fa-minus\"><\/i> D\u00eda 01 - Aeropuerto\/Dar es Salaam<\/a><\/h3><div class=\"sp-collapse spcollapse collapsed show\" id=\"collapse15470\" data-parent=#sp-ea-1547><div class=\"ea-body\"><p>Recogida por nuestro representante en el aeropuerto de Dar es Salaam y traslado al hotel. Sesi\u00f3n informativa y descripci\u00f3n del itinerario a seguir. Alojamiento en hotel ( -.-.-.)<\/p>\n<\/div><\/div><\/div><div class=\"ea-card ea-expand sp-ea-single\"><h3 class=\"ea-header\"><a class=\"collapsed\" data-sptoggle=\"spcollapse\" data-sptarget=#collapse15471 href=\"javascript:void(0)\" aria-expanded=\"true\"><i class=\"ea-expand-icon fa fa-minus\"><\/i> D\u00eda 02 - Dar es Salaam\/Saadani<\/a><\/h3><div class=\"sp-collapse spcollapse collapsed show\" id=\"collapse15471\" data-parent=#sp-ea-1547><div class=\"ea-body\"><p>Despu\u00e9s del desayuno nos dirigimos hacia el parque nacional de Saadani, \u00fanica zona protegida costera de Tanzania. Alojamiento en lodge. (D.A.C.)<\/p>\n<\/div><\/div><\/div><div class=\"ea-card ea-expand sp-ea-single\"><h3 class=\"ea-header\"><a class=\"collapsed\" data-sptoggle=\"spcollapse\" data-sptarget=#collapse15472 href=\"javascript:void(0)\" aria-expanded=\"true\"><i class=\"ea-expand-icon fa fa-minus\"><\/i> D\u00edas 03, 04 y 05- Saadani<\/a><\/h3><div class=\"sp-collapse spcollapse collapsed show\" id=\"collapse15472\" data-parent=#sp-ea-1547><div class=\"ea-body\"><p>Estos d\u00edas los dedicaremos a recorrer esta incre\u00edble reserva costera. Realizaremos safaris en 4x4 y opcionalmente en barca por el r\u00edo Wami y tambi\u00e9n safaris andando. Si lo deseamos podremos realizar una visita guiada al encantador poblado pesquero de Saadani. Tambi\u00e9n podremos realizar acitividades opcionales como snorkelig y buceo. Y si nos despertamos al alba, disfrutar de un impresionante amanacer. Alojamiento en lodge. (D.A.C.)<\/p>\n<\/div><\/div><\/div><div class=\"ea-card ea-expand sp-ea-single\"><h3 class=\"ea-header\"><a class=\"collapsed\" data-sptoggle=\"spcollapse\" data-sptarget=#collapse15473 href=\"javascript:void(0)\" aria-expanded=\"true\"><i class=\"ea-expand-icon fa fa-minus\"><\/i> D\u00eda 06 - Saadani\/Dar es Salaam<\/a><\/h3><div class=\"sp-collapse spcollapse collapsed show\" id=\"collapse15473\" data-parent=#sp-ea-1547><div class=\"ea-body\"><p>Despu\u00e9s del desayuno partiremos hacia Dar es Salaam. Resto del d\u00eda libre para descansar o realizar algunas compras. Alojamiento en hotel (D,A,-)<\/p>\n<\/div><\/div><\/div><div class=\"ea-card ea-expand sp-ea-single\"><h3 class=\"ea-header\"><a class=\"collapsed\" data-sptoggle=\"spcollapse\" data-sptarget=#collapse15474 href=\"javascript:void(0)\" aria-expanded=\"true\"><i class=\"ea-expand-icon fa fa-minus\"><\/i> Dia 07- Dar es Salaam\/Aeropuerto<\/a><\/h3><div class=\"sp-collapse spcollapse collapsed show\" id=\"collapse15474\" data-parent=#sp-ea-1547><div class=\"ea-body\"><p>A la hora convenida, traslado al aeropuerto. Fin de nuestros servicios. (D,-,-)<\/p>\n<\/div><\/div><\/div><\/div>\n<\/div><div class=\"fusion-sep-clear\"><\/div><div class=\"fusion-separator fusion-has-icon fusion-full-width-sep\" style=\"margin-left: auto;margin-right: auto;margin-top:50px;width:100%;\"><div class=\"fusion-separator-border sep-single sep-solid\" style=\"border-color:#e0dede;border-top-width:1px;\"><\/div><span class=\"icon-wrapper\" style=\"border-color:#e0dede;background-color:#8bc34a;font-size:13px;width: 1.75em; height: 1.75em;border-width:1px;padding:1px;margin-top:-0.5px\"><i class=\"fa-envira fab\" style=\"font-size: inherit;color:#e0dede;\" aria-hidden=\"true\"><\/i><\/span><div class=\"fusion-separator-border sep-single sep-solid\" style=\"border-color:#e0dede;border-top-width:1px;\"><\/div><\/div><div class=\"fusion-sep-clear\"><\/div><div class=\"fusion-text fusion-text-3\"><p>INCLUYE<\/p>\n<\/div><div class=\"fusion-text fusion-text-4\"><div>\n<i class=\"fa fa-check icon-tick\" style=\"color: #00b01d;\"><\/i> Traslados aeropuerto de Dar Es Salaam \/ hotel \/ aeropuerto de Dar Es Salaam<br \/>\n<i class=\"fa fa-check icon-tick\" style=\"color: #00b01d;\"><\/i> Veh\u00edculo 4&#215;4 con capacidad para 5 personas especialmente preparado para safari<br \/>\n<i class=\"fa fa-check icon-tick\" style=\"color: #00b01d;\"><\/i>\u00a0Conductor\/gu\u00eda de habla inglesa<br \/>\n<i class=\"fa fa-check icon-tick\" style=\"color: #00b01d;\"><\/i> Tasas de entrada al parque nacional<br \/>\n<i class=\"fa fa-check icon-tick\" style=\"color: #00b01d;\"><\/i> Alojamiento en un lujoso bungalow con capacidad para dos personas<br \/>\n<i class=\"fa fa-check icon-tick\" style=\"color: #00b01d;\"><\/i> Pensi\u00f3n completa durante todo el safari (excepto bebidas) y en r\u00e9gimen de Alojamiento \/ Desayuno en la ciudad de Dar Es Salaam<\/div>\n<\/div><div class=\"fusion-sep-clear\"><\/div><div class=\"fusion-separator fusion-has-icon fusion-full-width-sep\" style=\"margin-left: auto;margin-right: auto;margin-top:40px;width:100%;\"><div class=\"fusion-separator-border sep-single sep-solid\" style=\"border-color:#e0dede;border-top-width:1px;\"><\/div><span class=\"icon-wrapper\" style=\"border-color:#e0dede;background-color:#8bc34a;font-size:13px;width: 1.75em; height: 1.75em;border-width:1px;padding:1px;margin-top:-0.5px\"><i class=\"fa-envira fab\" style=\"font-size: inherit;color:#e0dede;\" aria-hidden=\"true\"><\/i><\/span><div class=\"fusion-separator-border sep-single sep-solid\" style=\"border-color:#e0dede;border-top-width:1px;\"><\/div><\/div><div class=\"fusion-sep-clear\"><\/div><div class=\"fusion-text fusion-text-5\"><div class=\"adv_contents__title\">NO INCLUYE<\/div>\n<\/div><div class=\"fusion-text fusion-text-6\"><div><i class=\"fa fa-times icon-tick icon-tick--off\" style=\"color: #e20612;\"><\/i> Vuelo internacional Espa\u00f1a\/Tanzania\/Espa\u00f1a<br \/>\n<i class=\"fa fa-times icon-tick icon-tick--off\" style=\"color: #e20612;\"><\/i>\u00a0Tasas de aeropuerto nacionales e internacionales<br \/>\n<i class=\"fa fa-times icon-tick icon-tick--off\" style=\"color: #e20612;\"><\/i> Visado deTanzania<br \/>\n<i class=\"fa fa-times icon-tick icon-tick--off\" style=\"color: #e20612;\"><\/i>\u00a0Bebidas<br \/>\n<i class=\"fa fa-times icon-tick icon-tick--off\" style=\"color: #e20612;\"><\/i> Safari en barca por el r\u00edo Wami<br \/>\n<i class=\"fa fa-times icon-tick icon-tick--off\" style=\"color: #e20612;\"><\/i>\u00a0Safari andando<br \/>\n<i class=\"fa fa-times icon-tick icon-tick--off\" style=\"color: #e20612;\"><\/i> Visita guiada al poblado pesquero de Saadani<br \/>\n<i class=\"fa fa-times icon-tick icon-tick--off\" style=\"color: #e20612;\"><\/i> Actividades de snorkeling y buceo<br \/>\n<i class=\"fa fa-times icon-tick icon-tick--off\" style=\"color: #e20612;\"><\/i> Propinas y extras personales<br \/>\n<i class=\"fa fa-times icon-tick icon-tick--off\" style=\"color: #e20612;\"><\/i> Seguro de viaje<br \/>\n<i class=\"fa fa-times icon-tick icon-tick--off\" style=\"color: #e20612;\"><\/i> En general, cualquier servicio no especificado como incluido<\/div>\n<\/div><div class=\"fusion-clearfix\"><\/div><\/div><\/div><div class=\"fusion-layout-column fusion_builder_column fusion-builder-column-2 fusion_builder_column_1_4 1_4 fusion-one-fourth fusion-column-last adv_contents_included2\" style=\"width:25%;width:calc(25% - ( ( 4% ) * 0.25 ) );margin-top:0px;margin-bottom:0px;\"><div class=\"fusion-column-wrapper fusion-flex-column-wrapper-legacy\" style=\"background-position:left top;background-repeat:no-repeat;-webkit-background-size:cover;-moz-background-size:cover;-o-background-size:cover;background-size:cover;padding: 0px 0px 0px 0px;\"><div class=\"fusion-text fusion-text-7\"><div class=\"adv_title2\" style=\"text-align: left; margin-bottom: 10px;\">Solicita Ahora!<\/div>\n<\/div><div role=\"form\" class=\"wpcf7\" id=\"wpcf7-f564-o1\" lang=\"en-US\" dir=\"ltr\">\n<div class=\"screen-reader-response\"><p role=\"status\" aria-live=\"polite\" aria-atomic=\"true\"><\/p> <ul><\/ul><\/div>\n<form action=\"\/esp\/wp-json\/wp\/v2\/pages\/1529#wpcf7-f564-o1\" method=\"post\" class=\"wpcf7-form init\" novalidate=\"novalidate\" data-status=\"init\">\n<div style=\"display: none;\">\n<input type=\"hidden\" name=\"_wpcf7\" value=\"564\" \/>\n<input type=\"hidden\" name=\"_wpcf7_version\" value=\"5.5.3\" \/>\n<input type=\"hidden\" name=\"_wpcf7_locale\" value=\"en_US\" \/>\n<input type=\"hidden\" name=\"_wpcf7_unit_tag\" value=\"wpcf7-f564-o1\" \/>\n<input type=\"hidden\" name=\"_wpcf7_container_post\" value=\"0\" \/>\n<input type=\"hidden\" name=\"_wpcf7_posted_data_hash\" value=\"\" \/>\n<input type=\"hidden\" name=\"_wpcf7_recaptcha_response\" value=\"\" \/>\n<\/div>\n<div style=\"display:none\"><span class=\"wpcf7-form-control-wrap itinerary\"><input type=\"text\" name=\"itinerary\" value=\"ITINERARY_VALUE\" size=\"40\" class=\"wpcf7-form-control wpcf7-text\" aria-invalid=\"false\" \/><\/span><\/div>\n<p><label> Tu Nombre (Requerido)<br \/>\n    <span class=\"wpcf7-form-control-wrap your-name\"><input type=\"text\" name=\"your-name\" value=\"\" size=\"40\" class=\"wpcf7-form-control wpcf7-text wpcf7-validates-as-required\" aria-required=\"true\" aria-invalid=\"false\" \/><\/span> <\/label><\/p>\n<p><label> Tu Correo (Requerido)<br \/>\n    <span class=\"wpcf7-form-control-wrap your-email\"><input type=\"email\" name=\"your-email\" value=\"\" size=\"40\" class=\"wpcf7-form-control wpcf7-text wpcf7-email wpcf7-validates-as-required wpcf7-validates-as-email\" aria-required=\"true\" aria-invalid=\"false\" \/><\/span> <\/label><\/p>\n<p><label> Fecha del viaje (Requerido)<br \/>\n    <span class=\"wpcf7-form-control-wrap arrival\"><input type=\"date\" name=\"arrival\" value=\"\" class=\"wpcf7-form-control wpcf7-date wpcf7-validates-as-required wpcf7-validates-as-date\" aria-required=\"true\" aria-invalid=\"false\" \/><\/span> <\/label><\/p>\n<p><label> N\u00famero de personas (Requerido)<br \/>\n    <span class=\"wpcf7-form-control-wrap noofguests\"><input type=\"number\" name=\"noofguests\" value=\"\" class=\"wpcf7-form-control wpcf7-number wpcf7-validates-as-required wpcf7-validates-as-number\" aria-required=\"true\" aria-invalid=\"false\" \/><\/span> <\/label><\/p>\n<p><label> Como nos encuentras (Requerido)<br \/>\n<span class=\"wpcf7-form-control-wrap howyoufindus\"><select name=\"howyoufindus\" class=\"wpcf7-form-control wpcf7-select wpcf7-validates-as-required\" aria-required=\"true\" aria-invalid=\"false\"><option value=\"---\">---<\/option><option value=\"Un Amigo\">Un Amigo<\/option><option value=\"Google\">Google<\/option><option value=\"Otros\">Otros<\/option><\/select><\/span><\/label><\/p>\n<p><label> Si deseas hacer un viaje a medida o quieres comentarnos algo sobre el safari que has escogido (d\u00edas de acampada, ...) especif\u00edcalo aqu\u00ed:<br \/>\n    <span class=\"wpcf7-form-control-wrap your-message\"><textarea name=\"your-message\" cols=\"40\" rows=\"10\" class=\"wpcf7-form-control wpcf7-textarea\" aria-invalid=\"false\"><\/textarea><\/span> <\/label><\/p>\n<p><input type=\"submit\" value=\"Enviar\" class=\"wpcf7-form-control has-spinner wpcf7-submit\" \/><\/p>\n<div class=\"fusion-alert alert custom alert-custom fusion-alert-center wpcf7-response-output fusion-alert-capitalize alert-dismissable\" style=\"border-width:1px;\"><button type=\"button\" class=\"close toggle-alert\" data-dismiss=\"alert\" aria-hidden=\"true\">&times;<\/button><div class=\"fusion-alert-content-wrapper\"><span class=\"fusion-alert-content\"><\/span><\/div><\/div><\/form><\/div><div class=\"fusion-clearfix\"><\/div><\/div><\/div><\/div><\/div><\/p>\n","protected":false},"excerpt":{"rendered":"","protected":false},"author":1,"featured_media":0,"parent":0,"menu_order":0,"comment_status":"closed","ping_status":"closed","template":"","meta":[],"yoast_head":"<!-- This site is optimized with the Yoast SEO plugin v17.8 - https:\/\/yoast.com\/wordpress\/plugins\/seo\/ -->\n<title>Karibu Saadani (7 d\u00edas) - Deoadventure<\/title>\n<meta name=\"robots\" content=\"index, follow, max-snippet:-1, max-image-preview:large, max-video-preview:-1\" \/>\n<link rel=\"canonical\" href=\"https:\/\/www.deoadventure.co.tz\/esp\/karibu-saadani-7-dias\/\" \/>\n<meta property=\"og:locale\" content=\"en_US\" \/>\n<meta property=\"og:type\" content=\"article\" \/>\n<meta property=\"og:title\" content=\"Karibu Saadani (7 d\u00edas) - Deoadventure\" \/>\n<meta property=\"og:url\" content=\"https:\/\/www.deoadventure.co.tz\/esp\/karibu-saadani-7-dias\/\" \/>\n<meta property=\"og:site_name\" content=\"Deoadventure\" \/>\n<meta property=\"article:modified_time\" content=\"2021-02-04T06:33:05+00:00\" \/>\n<meta name=\"twitter:card\" content=\"summary_large_image\" \/>\n<meta name=\"twitter:label1\" content=\"Est. reading time\" \/>\n\t<meta name=\"twitter:data1\" content=\"3 minutes\" \/>\n<script type=\"application\/ld+json\" class=\"yoast-schema-graph\">{\"@context\":\"https:\/\/schema.org\",\"@graph\":[{\"@type\":\"WebSite\",\"@id\":\"https:\/\/www.deoadventure.co.tz\/esp\/#website\",\"url\":\"https:\/\/www.deoadventure.co.tz\/esp\/\",\"name\":\"Deoadventure\",\"description\":\"deoadventure\",\"potentialAction\":[{\"@type\":\"SearchAction\",\"target\":{\"@type\":\"EntryPoint\",\"urlTemplate\":\"https:\/\/www.deoadventure.co.tz\/esp\/?s={search_term_string}\"},\"query-input\":\"required name=search_term_string\"}],\"inLanguage\":\"en-US\"},{\"@type\":\"WebPage\",\"@id\":\"https:\/\/www.deoadventure.co.tz\/esp\/karibu-saadani-7-dias\/#webpage\",\"url\":\"https:\/\/www.deoadventure.co.tz\/esp\/karibu-saadani-7-dias\/\",\"name\":\"Karibu Saadani (7 d\\u00edas) - Deoadventure\",\"isPartOf\":{\"@id\":\"https:\/\/www.deoadventure.co.tz\/esp\/#website\"},\"datePublished\":\"2021-01-28T17:09:35+00:00\",\"dateModified\":\"2021-02-04T06:33:05+00:00\",\"breadcrumb\":{\"@id\":\"https:\/\/www.deoadventure.co.tz\/esp\/karibu-saadani-7-dias\/#breadcrumb\"},\"inLanguage\":\"en-US\",\"potentialAction\":[{\"@type\":\"ReadAction\",\"target\":[\"https:\/\/www.deoadventure.co.tz\/esp\/karibu-saadani-7-dias\/\"]}]},{\"@type\":\"BreadcrumbList\",\"@id\":\"https:\/\/www.deoadventure.co.tz\/esp\/karibu-saadani-7-dias\/#breadcrumb\",\"itemListElement\":[{\"@type\":\"ListItem\",\"position\":1,\"name\":\"Home\",\"item\":\"https:\/\/www.deoadventure.co.tz\/esp\/\"},{\"@type\":\"ListItem\",\"position\":2,\"name\":\"Karibu Saadani (7 d\\u00edas)\"}]}]}<\/script>\n<!-- \/ Yoast SEO plugin. -->","yoast_head_json":{"title":"Karibu Saadani (7 d\u00edas) - Deoadventure","robots":{"index":"index","follow":"follow","max-snippet":"max-snippet:-1","max-image-preview":"max-image-preview:large","max-video-preview":"max-video-preview:-1"},"canonical":"https:\/\/www.deoadventure.co.tz\/esp\/karibu-saadani-7-dias\/","og_locale":"en_US","og_type":"article","og_title":"Karibu Saadani (7 d\u00edas) - Deoadventure","og_url":"https:\/\/www.deoadventure.co.tz\/esp\/karibu-saadani-7-dias\/","og_site_name":"Deoadventure","article_modified_time":"2021-02-04T06:33:05+00:00","twitter_card":"summary_large_image","twitter_misc":{"Est. reading time":"3 minutes"},"schema":{"@context":"https:\/\/schema.org","@graph":[{"@type":"WebSite","@id":"https:\/\/www.deoadventure.co.tz\/esp\/#website","url":"https:\/\/www.deoadventure.co.tz\/esp\/","name":"Deoadventure","description":"deoadventure","potentialAction":[{"@type":"SearchAction","target":{"@type":"EntryPoint","urlTemplate":"https:\/\/www.deoadventure.co.tz\/esp\/?s={search_term_string}"},"query-input":"required name=search_term_string"}],"inLanguage":"en-US"},{"@type":"WebPage","@id":"https:\/\/www.deoadventure.co.tz\/esp\/karibu-saadani-7-dias\/#webpage","url":"https:\/\/www.deoadventure.co.tz\/esp\/karibu-saadani-7-dias\/","name":"Karibu Saadani (7 d\u00edas) - Deoadventure","isPartOf":{"@id":"https:\/\/www.deoadventure.co.tz\/esp\/#website"},"datePublished":"2021-01-28T17:09:35+00:00","dateModified":"2021-02-04T06:33:05+00:00","breadcrumb":{"@id":"https:\/\/www.deoadventure.co.tz\/esp\/karibu-saadani-7-dias\/#breadcrumb"},"inLanguage":"en-US","potentialAction":[{"@type":"ReadAction","target":["https:\/\/www.deoadventure.co.tz\/esp\/karibu-saadani-7-dias\/"]}]},{"@type":"BreadcrumbList","@id":"https:\/\/www.deoadventure.co.tz\/esp\/karibu-saadani-7-dias\/#breadcrumb","itemListElement":[{"@type":"ListItem","position":1,"name":"Home","item":"https:\/\/www.deoadventure.co.tz\/esp\/"},{"@type":"ListItem","position":2,"name":"Karibu Saadani (7 d\u00edas)"}]}]}},"_links":{"self":[{"href":"https:\/\/www.deoadventure.co.tz\/esp\/wp-json\/wp\/v2\/pages\/1529"}],"collection":[{"href":"https:\/\/www.deoadventure.co.tz\/esp\/wp-json\/wp\/v2\/pages"}],"about":[{"href":"https:\/\/www.deoadventure.co.tz\/esp\/wp-json\/wp\/v2\/types\/page"}],"author":[{"embeddable":true,"href":"https:\/\/www.deoadventure.co.tz\/esp\/wp-json\/wp\/v2\/users\/1"}],"replies":[{"embeddable":true,"href":"https:\/\/www.deoadventure.co.tz\/esp\/wp-json\/wp\/v2\/comments?post=1529"}],"version-history":[{"count":9,"href":"https:\/\/www.deoadventure.co.tz\/esp\/wp-json\/wp\/v2\/pages\/1529\/revisions"}],"predecessor-version":[{"id":1627,"href":"https:\/\/www.deoadventure.co.tz\/esp\/wp-json\/wp\/v2\/pages\/1529\/revisions\/1627"}],"wp:attachment":[{"href":"https:\/\/www.deoadventure.co.tz\/esp\/wp-json\/wp\/v2\/media?parent=1529"}],"curies":[{"name":"wp","href":"https:\/\/api.w.org\/{rel}","templated":true}]}}