{"id":189,"date":"2020-01-26T11:23:23","date_gmt":"2020-01-26T11:23:23","guid":{"rendered":"https:\/\/www.deoadventure.co.tz\/esp\/?page_id=189"},"modified":"2020-03-13T05:41:02","modified_gmt":"2020-03-13T05:41:02","slug":"who-we-are","status":"publish","type":"page","link":"https:\/\/www.deoadventure.co.tz\/esp\/who-we-are\/","title":{"rendered":"who we are"},"content":{"rendered":"<p><div class=\"fusion-fullwidth fullwidth-box fusion-builder-row-1 nonhundred-percent-fullwidth non-hundred-percent-height-scrolling\" style=\"background-color: rgba(255,255,255,0);background-position: center center;background-repeat: no-repeat;padding-top:0px;padding-right:0px;padding-bottom:0px;padding-left:0px;margin-bottom: 0px;margin-top: 0px;border-width: 0px 0px 0px 0px;border-color:#eae9e9;border-style:solid;\" ><div class=\"fusion-builder-row fusion-row\"><div class=\"fusion-layout-column fusion_builder_column fusion-builder-column-0 fusion_builder_column_1_1 1_1 fusion-one-full fusion-column-first fusion-column-last\" style=\"margin-top:0px;margin-bottom:0px;\"><div class=\"fusion-column-wrapper fusion-flex-column-wrapper-legacy\" style=\"background-position:left top;background-repeat:no-repeat;-webkit-background-size:cover;-moz-background-size:cover;-o-background-size:cover;background-size:cover;padding: 0px 0px 0px 0px;\"><div class=\"fusion-text fusion-text-1\"><div class=\"adv_bg_whoweare_title\"><\/div>\n<\/div><div class=\"fusion-clearfix\"><\/div><\/div><\/div><\/div><\/div><div class=\"fusion-fullwidth fullwidth-box fusion-builder-row-2 nonhundred-percent-fullwidth non-hundred-percent-height-scrolling\" style=\"background-color: rgba(178,143,133,0.41);background-position: center center;background-repeat: no-repeat;padding-top:30px;padding-right:0px;padding-bottom:0px;padding-left:0px;margin-bottom: 0px;margin-top: 0px;border-width: 0px 0px 0px 0px;border-color:#eae9e9;border-style:solid;\" ><div class=\"fusion-builder-row fusion-row\"><div class=\"fusion-layout-column fusion_builder_column fusion-builder-column-1 fusion_builder_column_1_1 1_1 fusion-one-full fusion-column-first fusion-column-last\" style=\"margin-top:0px;margin-bottom:0px;\"><div class=\"fusion-column-wrapper fusion-flex-column-wrapper-legacy\" style=\"background-position:left top;background-repeat:no-repeat;-webkit-background-size:cover;-moz-background-size:cover;-o-background-size:cover;background-size:cover;padding: 0px 0px 0px 0px;\"><div class=\"fusion-text fusion-text-2\"><div class=\"adv_title1\">Nuestra historia<\/div>\n<\/div><div class=\"fusion-text fusion-text-3\"><div class=\"adv_contents\">\n<p style=\"text-align: center;\">Viajes y solidaridad en \u00c1frica &#8211; LICENCIA DE AGENTE TUR\u00cdSTICO CLASE A No. 0000526<\/p>\n<p style=\"text-align: center;\"><strong>Nuestra principal motivaci\u00f3n es que disfrutes del maravilloso viaje a Tanzania que siempre has imaginado.<\/strong><\/p>\n<p style=\"text-align: center;\">Deoadventure fue fundada por un tanzano y dos espa\u00f1oles. Nuestro principal objetivo es materializar esa idea, ese viaje, ese esp\u00edritu de aventura africana que siempre has querido hacer.<\/p>\n<p style=\"text-align: center;\">Para ello, le ofrecemos nuestra experiencia y la posibilidad de realizar su safari personificado. Realmente puedes elegir el viaje que deseas realizar: las fechas, las rutas, el transporte y el alojamiento, con los mejores gu\u00edas, conductores y cocineros.<\/p>\n<p style=\"text-align: center;\"><strong><br \/>\nDeoadventure, colabora con la infancia y las personas ciegas en Tanzania.<\/strong><br \/>\nCon el prop\u00f3sito de contribuir al desarrollo del pa\u00eds, Deoadventure colabora con organizaciones y asociaciones que ayudan a las comunidades m\u00e1s necesitadas del pa\u00eds (ni\u00f1os que viven en la calle, ni\u00f1os hu\u00e9rfanos y personas ciegas &#8230;). Nuestra ayuda en este momento est\u00e1 en un nivel particular, pero esperamos que sea un proyecto a medio plazo. <\/p>\n<p style=\"text-align: center;\">So, if you want combine the tourism with the solidarity, <strong>Entonces, si desea combinar el turismo con la solidaridad, no dude en solicitarnos informaci\u00f3n. Podemos informarle sobre las diferentes posibilidades que tiene para visitar y colaborar, de manera personal e individual, con algunos de estos centros, coincidiendo con su viaje a Tanzania.<\/strong><\/p>\n<\/div>\n<\/div><div class=\"fusion-clearfix\"><\/div><\/div><\/div><\/div><\/div><\/p>\n","protected":false},"excerpt":{"rendered":"","protected":false},"author":1,"featured_media":0,"parent":0,"menu_order":0,"comment_status":"closed","ping_status":"closed","template":"","meta":[],"yoast_head":"<!-- This site is optimized with the Yoast SEO plugin v17.8 - https:\/\/yoast.com\/wordpress\/plugins\/seo\/ -->\n<title>who we are - Deoadventure<\/title>\n<meta name=\"robots\" content=\"index, follow, max-snippet:-1, max-image-preview:large, max-video-preview:-1\" \/>\n<link rel=\"canonical\" href=\"https:\/\/www.deoadventure.co.tz\/esp\/who-we-are\/\" \/>\n<meta property=\"og:locale\" content=\"en_US\" \/>\n<meta property=\"og:type\" content=\"article\" \/>\n<meta property=\"og:title\" content=\"who we are - Deoadventure\" \/>\n<meta property=\"og:url\" content=\"https:\/\/www.deoadventure.co.tz\/esp\/who-we-are\/\" \/>\n<meta property=\"og:site_name\" content=\"Deoadventure\" \/>\n<meta property=\"article:modified_time\" content=\"2020-03-13T05:41:02+00:00\" \/>\n<meta name=\"twitter:card\" content=\"summary_large_image\" \/>\n<meta name=\"twitter:label1\" content=\"Est. reading time\" \/>\n\t<meta name=\"twitter:data1\" content=\"3 minutes\" \/>\n<script type=\"application\/ld+json\" class=\"yoast-schema-graph\">{\"@context\":\"https:\/\/schema.org\",\"@graph\":[{\"@type\":\"WebSite\",\"@id\":\"https:\/\/www.deoadventure.co.tz\/esp\/#website\",\"url\":\"https:\/\/www.deoadventure.co.tz\/esp\/\",\"name\":\"Deoadventure\",\"description\":\"deoadventure\",\"potentialAction\":[{\"@type\":\"SearchAction\",\"target\":{\"@type\":\"EntryPoint\",\"urlTemplate\":\"https:\/\/www.deoadventure.co.tz\/esp\/?s={search_term_string}\"},\"query-input\":\"required name=search_term_string\"}],\"inLanguage\":\"en-US\"},{\"@type\":\"WebPage\",\"@id\":\"https:\/\/www.deoadventure.co.tz\/esp\/who-we-are\/#webpage\",\"url\":\"https:\/\/www.deoadventure.co.tz\/esp\/who-we-are\/\",\"name\":\"who we are - Deoadventure\",\"isPartOf\":{\"@id\":\"https:\/\/www.deoadventure.co.tz\/esp\/#website\"},\"datePublished\":\"2020-01-26T11:23:23+00:00\",\"dateModified\":\"2020-03-13T05:41:02+00:00\",\"breadcrumb\":{\"@id\":\"https:\/\/www.deoadventure.co.tz\/esp\/who-we-are\/#breadcrumb\"},\"inLanguage\":\"en-US\",\"potentialAction\":[{\"@type\":\"ReadAction\",\"target\":[\"https:\/\/www.deoadventure.co.tz\/esp\/who-we-are\/\"]}]},{\"@type\":\"BreadcrumbList\",\"@id\":\"https:\/\/www.deoadventure.co.tz\/esp\/who-we-are\/#breadcrumb\",\"itemListElement\":[{\"@type\":\"ListItem\",\"position\":1,\"name\":\"Home\",\"item\":\"https:\/\/www.deoadventure.co.tz\/esp\/\"},{\"@type\":\"ListItem\",\"position\":2,\"name\":\"who we are\"}]}]}<\/script>\n<!-- \/ Yoast SEO plugin. -->","yoast_head_json":{"title":"who we are - Deoadventure","robots":{"index":"index","follow":"follow","max-snippet":"max-snippet:-1","max-image-preview":"max-image-preview:large","max-video-preview":"max-video-preview:-1"},"canonical":"https:\/\/www.deoadventure.co.tz\/esp\/who-we-are\/","og_locale":"en_US","og_type":"article","og_title":"who we are - Deoadventure","og_url":"https:\/\/www.deoadventure.co.tz\/esp\/who-we-are\/","og_site_name":"Deoadventure","article_modified_time":"2020-03-13T05:41:02+00:00","twitter_card":"summary_large_image","twitter_misc":{"Est. reading time":"3 minutes"},"schema":{"@context":"https:\/\/schema.org","@graph":[{"@type":"WebSite","@id":"https:\/\/www.deoadventure.co.tz\/esp\/#website","url":"https:\/\/www.deoadventure.co.tz\/esp\/","name":"Deoadventure","description":"deoadventure","potentialAction":[{"@type":"SearchAction","target":{"@type":"EntryPoint","urlTemplate":"https:\/\/www.deoadventure.co.tz\/esp\/?s={search_term_string}"},"query-input":"required name=search_term_string"}],"inLanguage":"en-US"},{"@type":"WebPage","@id":"https:\/\/www.deoadventure.co.tz\/esp\/who-we-are\/#webpage","url":"https:\/\/www.deoadventure.co.tz\/esp\/who-we-are\/","name":"who we are - Deoadventure","isPartOf":{"@id":"https:\/\/www.deoadventure.co.tz\/esp\/#website"},"datePublished":"2020-01-26T11:23:23+00:00","dateModified":"2020-03-13T05:41:02+00:00","breadcrumb":{"@id":"https:\/\/www.deoadventure.co.tz\/esp\/who-we-are\/#breadcrumb"},"inLanguage":"en-US","potentialAction":[{"@type":"ReadAction","target":["https:\/\/www.deoadventure.co.tz\/esp\/who-we-are\/"]}]},{"@type":"BreadcrumbList","@id":"https:\/\/www.deoadventure.co.tz\/esp\/who-we-are\/#breadcrumb","itemListElement":[{"@type":"ListItem","position":1,"name":"Home","item":"https:\/\/www.deoadventure.co.tz\/esp\/"},{"@type":"ListItem","position":2,"name":"who we are"}]}]}},"_links":{"self":[{"href":"https:\/\/www.deoadventure.co.tz\/esp\/wp-json\/wp\/v2\/pages\/189"}],"collection":[{"href":"https:\/\/www.deoadventure.co.tz\/esp\/wp-json\/wp\/v2\/pages"}],"about":[{"href":"https:\/\/www.deoadventure.co.tz\/esp\/wp-json\/wp\/v2\/types\/page"}],"author":[{"embeddable":true,"href":"https:\/\/www.deoadventure.co.tz\/esp\/wp-json\/wp\/v2\/users\/1"}],"replies":[{"embeddable":true,"href":"https:\/\/www.deoadventure.co.tz\/esp\/wp-json\/wp\/v2\/comments?post=189"}],"version-history":[{"count":18,"href":"https:\/\/www.deoadventure.co.tz\/esp\/wp-json\/wp\/v2\/pages\/189\/revisions"}],"predecessor-version":[{"id":1267,"href":"https:\/\/www.deoadventure.co.tz\/esp\/wp-json\/wp\/v2\/pages\/189\/revisions\/1267"}],"wp:attachment":[{"href":"https:\/\/www.deoadventure.co.tz\/esp\/wp-json\/wp\/v2\/media?parent=189"}],"curies":[{"name":"wp","href":"https:\/\/api.w.org\/{rel}","templated":true}]}}