{"id":5323,"date":"2023-08-12T07:46:14","date_gmt":"2023-08-12T07:46:14","guid":{"rendered":"https:\/\/www.deoadventure.co.tz\/esp\/?page_id=5323"},"modified":"2023-08-15T09:23:44","modified_gmt":"2023-08-15T09:23:44","slug":"ruta-lemosho-de-7-dias","status":"publish","type":"page","link":"https:\/\/www.deoadventure.co.tz\/esp\/ruta-lemosho-de-7-dias\/","title":{"rendered":"Ruta Lemosho de 7 d\u00edas"},"content":{"rendered":"<p><div class=\"fusion-fullwidth fullwidth-box fusion-builder-row-1 nonhundred-percent-fullwidth non-hundred-percent-height-scrolling\" style=\"background-color: rgba(255,255,255,0);background-position: center center;background-repeat: no-repeat;padding-top:0px;padding-right:0px;padding-bottom:0px;padding-left:0px;margin-bottom: 0px;margin-top: 0px;border-width: 0px 0px 0px 0px;border-color:#eae9e9;border-style:solid;\" ><div class=\"fusion-builder-row fusion-row\"><div class=\"fusion-layout-column fusion_builder_column fusion-builder-column-0 fusion_builder_column_1_1 1_1 fusion-one-full fusion-column-first fusion-column-last\" style=\"margin-top:0px;margin-bottom:0px;\"><div class=\"fusion-column-wrapper fusion-flex-column-wrapper-legacy\" style=\"background-position:left top;background-repeat:no-repeat;-webkit-background-size:cover;-moz-background-size:cover;-o-background-size:cover;background-size:cover;padding: 0px 0px 0px 0px;\"><div class=\"fusion-text fusion-text-1\"><div class=\"adv_bg_kilimanjaro2\"><\/div>\n<\/div><div class=\"fusion-clearfix\"><\/div><\/div><\/div><\/div><\/div><div class=\"fusion-fullwidth fullwidth-box fusion-builder-row-2 nonhundred-percent-fullwidth non-hundred-percent-height-scrolling\" style=\"background-color: rgba(255,255,255,0);background-position: center center;background-repeat: no-repeat;padding-top:0px;padding-right:30px;padding-bottom:30px;padding-left:30px;margin-bottom: 0px;margin-top: -150px;border-width: 0px 0px 0px 0px;border-color:#eae9e9;border-style:solid;\" ><div class=\"fusion-builder-row fusion-row\"><div class=\"fusion-layout-column fusion_builder_column fusion-builder-column-1 fusion_builder_column_2_3 2_3 fusion-two-third fusion-column-first adv_contents_included\" style=\"width:66.666666666667%;width:calc(66.666666666667% - ( ( 4% ) * 0.66666666666667 ) );margin-right: 4%;margin-top:0px;margin-bottom:0px;\"><div class=\"fusion-column-wrapper fusion-flex-column-wrapper-legacy\" style=\"background-position:left top;background-repeat:no-repeat;-webkit-background-size:cover;-moz-background-size:cover;-o-background-size:cover;background-size:cover;padding: 0px 0px 0px 0px;\"><div class=\"fusion-text fusion-text-2\"><div class=\"elementor-column elementor-col-50 elementor-inner-column elementor-element elementor-element-7b1983c\" data-id=\"7b1983c\" data-element_type=\"column\">\n<div class=\"elementor-widget-wrap elementor-element-populated\">\n<div class=\"elementor-element elementor-element-906d88f elementor-widget elementor-widget-text-editor\" data-id=\"906d88f\" data-element_type=\"widget\" data-widget_type=\"text-editor.default\">\n<div class=\"elementor-widget-container\">\n<p>\u00a1Ciertamente! La ruta Lemosho de 7 d\u00edas es una de las opciones populares para escalar el Monte Kilimanjaro. Proporciona un buen equilibrio de aclimataci\u00f3n y belleza esc\u00e9nica. Aqu\u00ed hay un resumen general del itinerario para una escalada de 7 d\u00edas por la Ruta Lemosho del Kilimanjaro:<\/p>\n<\/div>\n<\/div>\n<\/div>\n<\/div>\n<\/div><div class=\"fusion-text fusion-text-3\"><h2 class=\"eap_section_title eap_section_title_5330\"> Ruta Lemosho de 7 d\u00edas <\/h2><div id=\"sp-ea-5330\" class=\"sp-ea-one sp-easy-accordion\" data-ex-icon=\"fa-minus\" data-col-icon=\"fa-plus\"  data-ea-active=\"ea-click\"  data-ea-mode=\"vertical\" data-preloader=\"\"><div class=\"ea-card  sp-ea-single\"><h3 class=\"ea-header\"><a class=\"collapsed\" data-sptoggle=\"spcollapse\" data-sptarget=#collapse53300 href=\"javascript:void(0)\" aria-expanded=\"false\"><i class=\"ea-expand-icon fa fa-plus\"><\/i> D\u00eda 1 - Comience en la Puerta de Lemosho y camine hasta el campamento Mti Mkubwa (Big Tree)<\/a><\/h3><div class=\"sp-collapse spcollapse spcollapse\" id=\"collapse53300\" data-parent=#sp-ea-5330><div class=\"ea-body\"><ul>\n<li>Elevaci\u00f3n (pies): 7,800ft a 9,500ft<\/li>\n<li>Distancia: 6 km<\/li>\n<li>Tiempo de caminata: 3-4 horas<\/li>\n<li>H\u00e1bitat: Selva tropical<\/li>\n<li>Comidas: Almuerzo y cena<\/li>\n<li>Alojamiento: Camping<\/li>\n<\/ul>\n<\/div><\/div><\/div><div class=\"ea-card  sp-ea-single\"><h3 class=\"ea-header\"><a class=\"collapsed\" data-sptoggle=\"spcollapse\" data-sptarget=#collapse53301 href=\"javascript:void(0)\" aria-expanded=\"false\"><i class=\"ea-expand-icon fa fa-plus\"><\/i> Day 2: Trek from Mti Mkubwa Camp to Shira 1 Camp.<\/a><\/h3><div class=\"sp-collapse spcollapse spcollapse\" id=\"collapse53301\" data-parent=#sp-ea-5330><div class=\"ea-body\"><ul>\n<li>Elevaci\u00f3n (pies): 9,500ft a 11,500ft<\/li>\n<li>Distancia: 8 km<\/li>\n<li>Tiempo de caminata 5-6 horas<\/li>\n<li>H\u00e1bitat: P\u00e1ramos<\/li>\n<li>Comidas: Desayuno, almuerzo y cena<\/li>\n<li>Alojamiento: Camping.<\/li>\n<\/ul>\n<\/div><\/div><\/div><div class=\"ea-card  sp-ea-single\"><h3 class=\"ea-header\"><a class=\"collapsed\" data-sptoggle=\"spcollapse\" data-sptarget=#collapse53302 href=\"javascript:void(0)\" aria-expanded=\"false\"><i class=\"ea-expand-icon fa fa-plus\"><\/i> D\u00eda 3: Caminata desde el campamento Shira 1 hasta el campamento Shira 2.<\/a><\/h3><div class=\"sp-collapse spcollapse spcollapse\" id=\"collapse53302\" data-parent=#sp-ea-5330><div class=\"ea-body\"><ul>\n<li>Elevaci\u00f3n (pies): 11,500ft a 13,800 ft<\/li>\n<li>Distancia: 14 km<\/li>\n<li>Tiempo de caminata: 5-7 horas<\/li>\n<li>H\u00e1bitat: P\u00e1ramos Comidas: Desayuno, almuerzo y cena<\/li>\n<li>Alojamiento: Camping<\/li>\n<\/ul>\n<\/div><\/div><\/div><div class=\"ea-card  sp-ea-single\"><h3 class=\"ea-header\"><a class=\"collapsed\" data-sptoggle=\"spcollapse\" data-sptarget=#collapse53303 href=\"javascript:void(0)\" aria-expanded=\"false\"><i class=\"ea-expand-icon fa fa-plus\"><\/i> D\u00eda 4: Caminata desde el campamento Shira 2 hasta el campamento Barranco a trav\u00e9s de la Torre de Lava.<\/a><\/h3><div class=\"sp-collapse spcollapse spcollapse\" id=\"collapse53303\" data-parent=#sp-ea-5330><div class=\"ea-body\"><ul>\n<li>Elevaci\u00f3n (pies): 13,800ft a 13,000ft<\/li>\n<li>Distancia: 7 km<\/li>\n<li>Tiempo de caminata: 4-6 horas<\/li>\n<li>H\u00e1bitat: Semi Desierto<\/li>\n<li>Comidas: Desayuno, almuerzo y cena<\/li>\n<li>Alojamiento: Camping<\/li>\n<\/ul>\n<\/div><\/div><\/div><div class=\"ea-card  sp-ea-single\"><h3 class=\"ea-header\"><a class=\"collapsed\" data-sptoggle=\"spcollapse\" data-sptarget=#collapse53304 href=\"javascript:void(0)\" aria-expanded=\"false\"><i class=\"ea-expand-icon fa fa-plus\"><\/i> D\u00eda 5: Caminata desde el campamento Barranco hasta el campamento Karanga.<\/a><\/h3><div class=\"sp-collapse spcollapse spcollapse\" id=\"collapse53304\" data-parent=#sp-ea-5330><div class=\"ea-body\"><ul>\n<li>Elevaci\u00f3n (pies): 13,000ft a 15,000ft<\/li>\n<li>Distancia: 9km<\/li>\n<li>Tiempo de caminata: 8-10 horas<\/li>\n<li>H\u00e1bitat: Desierto alpino<\/li>\n<li>Comidas: Desayuno, almuerzo y cena<\/li>\n<li>Alojamiento: Camping<\/li>\n<\/ul>\n<\/div><\/div><\/div><div class=\"ea-card  sp-ea-single\"><h3 class=\"ea-header\"><a class=\"collapsed\" data-sptoggle=\"spcollapse\" data-sptarget=#collapse53305 href=\"javascript:void(0)\" aria-expanded=\"false\"><i class=\"ea-expand-icon fa fa-plus\"><\/i> D\u00eda 6: Caminata desde el campamento de Karanga al campamento de Barafu.<\/a><\/h3><div class=\"sp-collapse spcollapse spcollapse\" id=\"collapse53305\" data-parent=#sp-ea-5330><div class=\"ea-body\"><ul>\n<li>Elevaci\u00f3n (pies): 15,300 pies a 19,345 pies (y hasta 10,000 pies)<\/li>\n<li>Distancia: 5 km de ascenso \/ 12 km de descenso<\/li>\n<li>Tiempo de caminata: 7-8 horas de ascenso \/ 4-6 horas de descenso<\/li>\n<li>H\u00e1bitat: \u00c1rtico Comidas: Desayuno, almuerzo y cena<\/li>\n<li>Alojamiento: Camping<\/li>\n<\/ul>\n<\/div><\/div><\/div><div class=\"ea-card  sp-ea-single\"><h3 class=\"ea-header\"><a class=\"collapsed\" data-sptoggle=\"spcollapse\" data-sptarget=#collapse53306 href=\"javascript:void(0)\" aria-expanded=\"false\"><i class=\"ea-expand-icon fa fa-plus\"><\/i> D\u00eda 7: Ascender a la cumbre (pico Uhuru) desde el campamento Barafu, luego descender al campamento Mweka.<\/a><\/h3><div class=\"sp-collapse spcollapse spcollapse\" id=\"collapse53306\" data-parent=#sp-ea-5330><div class=\"ea-body\"><ul>\n<li>Muy temprano en la ma\u00f1ana (medianoche a 2 am), continuamos nuestro camino hacia la cumbre entre los glaciares Rebmann y Ratzel. Se dirige en direcci\u00f3n noroeste y se asciende a trav\u00e9s de pedregales pesados hacia Stella Point en el borde del cr\u00e1ter. Esta es la parte m\u00e1s desafiante mental y f\u00edsicamente de la caminata.<\/li>\n<\/ul>\n<p>\u00a0<\/p>\n<ul>\n<li>En Stella Point (18,600 pies), se detendr\u00e1 para un breve descanso y ser\u00e1 recompensado con el amanecer m\u00e1s magn\u00edfico que pueda ver (si el clima lo permite). Desde Stella Point, puede encontrar nieve en su ascenso de 1 hora a la cumbre. En el pico Uhuru, has alcanzado el punto m\u00e1s alto del Monte Kilimanjaro y del continente africano. Los excursionistas m\u00e1s r\u00e1pidos ver\u00e1n el amanecer desde la cumbre.<\/li>\n<\/ul>\n<p>\u00a0<\/p>\n<ul>\n<li>Desde la cima, ahora hacemos nuestro descenso continuando directamente hasta el campamento de Mweka Hut, deteni\u00e9ndonos en Barafu para almorzar. Querr\u00e1s polainas y bastones de trekking para la grava suelta que baja. Mweka Camp est\u00e1 situado en el bosque superior y se puede esperar niebla o lluvia al final de la tarde. M\u00e1s tarde en la noche, disfrutamos de nuestra \u00faltima cena en la monta\u00f1a y de un merecido sue\u00f1o.<\/li>\n<\/ul>\n<p>\u00a0<\/p>\n<ul>\n<li>Elevaci\u00f3n (pies): 15,300 pies a 19,345 pies (y hasta 10,000 pies)<\/li>\n<li>Distancia: 5 km de ascenso \/ 12 km de descenso<\/li>\n<li>Tiempo de caminata: 7-8 horas de ascenso \/ 4-6 horas de descenso<\/li>\n<li>H\u00e1bitat: \u00c1rtico Comidas: Desayuno, almuerzo y cena<\/li>\n<li>Alojamiento: Camping<\/li>\n<\/ul>\n<p>\u00a0<\/p>\n<\/div><\/div><\/div><\/div>\n<\/div><div class=\"fusion-clearfix\"><\/div><\/div><\/div><div class=\"fusion-layout-column fusion_builder_column fusion-builder-column-2 fusion_builder_column_1_4 1_4 fusion-one-fourth fusion-column-last adv_contents_included2\" style=\"width:25%;width:calc(25% - ( ( 4% ) * 0.25 ) );margin-top:0px;margin-bottom:0px;\"><div class=\"fusion-column-wrapper fusion-flex-column-wrapper-legacy\" style=\"background-position:left top;background-repeat:no-repeat;-webkit-background-size:cover;-moz-background-size:cover;-o-background-size:cover;background-size:cover;padding: 0px 0px 0px 0px;\"><div class=\"fusion-text fusion-text-4\"><div class=\"adv_title2\" style=\"text-align: left; margin-bottom: 10px;\">Solicita Ahora!<\/div>\n<\/div><div role=\"form\" class=\"wpcf7\" id=\"wpcf7-f564-o1\" lang=\"en-US\" dir=\"ltr\">\n<div class=\"screen-reader-response\"><p role=\"status\" aria-live=\"polite\" aria-atomic=\"true\"><\/p> <ul><\/ul><\/div>\n<form action=\"\/esp\/wp-json\/wp\/v2\/pages\/5323#wpcf7-f564-o1\" method=\"post\" class=\"wpcf7-form init\" novalidate=\"novalidate\" data-status=\"init\">\n<div style=\"display: none;\">\n<input type=\"hidden\" name=\"_wpcf7\" value=\"564\" \/>\n<input type=\"hidden\" name=\"_wpcf7_version\" value=\"5.5.3\" \/>\n<input type=\"hidden\" name=\"_wpcf7_locale\" value=\"en_US\" \/>\n<input type=\"hidden\" name=\"_wpcf7_unit_tag\" value=\"wpcf7-f564-o1\" \/>\n<input type=\"hidden\" name=\"_wpcf7_container_post\" value=\"0\" \/>\n<input type=\"hidden\" name=\"_wpcf7_posted_data_hash\" value=\"\" \/>\n<input type=\"hidden\" name=\"_wpcf7_recaptcha_response\" value=\"\" \/>\n<\/div>\n<div style=\"display:none\"><span class=\"wpcf7-form-control-wrap itinerary\"><input type=\"text\" name=\"itinerary\" value=\"ITINERARY_VALUE\" size=\"40\" class=\"wpcf7-form-control wpcf7-text\" aria-invalid=\"false\" \/><\/span><\/div>\n<p><label> Tu Nombre (Requerido)<br \/>\n    <span class=\"wpcf7-form-control-wrap your-name\"><input type=\"text\" name=\"your-name\" value=\"\" size=\"40\" class=\"wpcf7-form-control wpcf7-text wpcf7-validates-as-required\" aria-required=\"true\" aria-invalid=\"false\" \/><\/span> <\/label><\/p>\n<p><label> Tu Correo (Requerido)<br \/>\n    <span class=\"wpcf7-form-control-wrap your-email\"><input type=\"email\" name=\"your-email\" value=\"\" size=\"40\" class=\"wpcf7-form-control wpcf7-text wpcf7-email wpcf7-validates-as-required wpcf7-validates-as-email\" aria-required=\"true\" aria-invalid=\"false\" \/><\/span> <\/label><\/p>\n<p><label> Fecha del viaje (Requerido)<br \/>\n    <span class=\"wpcf7-form-control-wrap arrival\"><input type=\"date\" name=\"arrival\" value=\"\" class=\"wpcf7-form-control wpcf7-date wpcf7-validates-as-required wpcf7-validates-as-date\" aria-required=\"true\" aria-invalid=\"false\" \/><\/span> <\/label><\/p>\n<p><label> N\u00famero de personas (Requerido)<br \/>\n    <span class=\"wpcf7-form-control-wrap noofguests\"><input type=\"number\" name=\"noofguests\" value=\"\" class=\"wpcf7-form-control wpcf7-number wpcf7-validates-as-required wpcf7-validates-as-number\" aria-required=\"true\" aria-invalid=\"false\" \/><\/span> <\/label><\/p>\n<p><label> Como nos encuentras (Requerido)<br \/>\n<span class=\"wpcf7-form-control-wrap howyoufindus\"><select name=\"howyoufindus\" class=\"wpcf7-form-control wpcf7-select wpcf7-validates-as-required\" aria-required=\"true\" aria-invalid=\"false\"><option value=\"---\">---<\/option><option value=\"Un Amigo\">Un Amigo<\/option><option value=\"Google\">Google<\/option><option value=\"Otros\">Otros<\/option><\/select><\/span><\/label><\/p>\n<p><label> Si deseas hacer un viaje a medida o quieres comentarnos algo sobre el safari que has escogido (d\u00edas de acampada, ...) especif\u00edcalo aqu\u00ed:<br \/>\n    <span class=\"wpcf7-form-control-wrap your-message\"><textarea name=\"your-message\" cols=\"40\" rows=\"10\" class=\"wpcf7-form-control wpcf7-textarea\" aria-invalid=\"false\"><\/textarea><\/span> <\/label><\/p>\n<p><input type=\"submit\" value=\"Enviar\" class=\"wpcf7-form-control has-spinner wpcf7-submit\" \/><\/p>\n<div class=\"fusion-alert alert custom alert-custom fusion-alert-center wpcf7-response-output fusion-alert-capitalize alert-dismissable\" style=\"border-width:1px;\"><button type=\"button\" class=\"close toggle-alert\" data-dismiss=\"alert\" aria-hidden=\"true\">&times;<\/button><div class=\"fusion-alert-content-wrapper\"><span class=\"fusion-alert-content\"><\/span><\/div><\/div><\/form><\/div><div class=\"fusion-clearfix\"><\/div><\/div><\/div><\/div><\/div><\/p>\n","protected":false},"excerpt":{"rendered":"","protected":false},"author":1,"featured_media":0,"parent":0,"menu_order":0,"comment_status":"closed","ping_status":"closed","template":"","meta":[],"yoast_head":"<!-- This site is optimized with the Yoast SEO plugin v17.8 - https:\/\/yoast.com\/wordpress\/plugins\/seo\/ -->\n<title>Ruta Lemosho de 7 d\u00edas - Deoadventure<\/title>\n<meta name=\"robots\" content=\"index, follow, max-snippet:-1, max-image-preview:large, max-video-preview:-1\" \/>\n<link rel=\"canonical\" href=\"https:\/\/www.deoadventure.co.tz\/esp\/ruta-lemosho-de-7-dias\/\" \/>\n<meta property=\"og:locale\" content=\"en_US\" \/>\n<meta property=\"og:type\" content=\"article\" \/>\n<meta property=\"og:title\" content=\"Ruta Lemosho de 7 d\u00edas - Deoadventure\" \/>\n<meta property=\"og:url\" content=\"https:\/\/www.deoadventure.co.tz\/esp\/ruta-lemosho-de-7-dias\/\" \/>\n<meta property=\"og:site_name\" content=\"Deoadventure\" \/>\n<meta property=\"article:modified_time\" content=\"2023-08-15T09:23:44+00:00\" \/>\n<meta name=\"twitter:card\" content=\"summary_large_image\" \/>\n<meta name=\"twitter:label1\" content=\"Est. reading time\" \/>\n\t<meta name=\"twitter:data1\" content=\"7 minutes\" \/>\n<script type=\"application\/ld+json\" class=\"yoast-schema-graph\">{\"@context\":\"https:\/\/schema.org\",\"@graph\":[{\"@type\":\"WebSite\",\"@id\":\"https:\/\/www.deoadventure.co.tz\/esp\/#website\",\"url\":\"https:\/\/www.deoadventure.co.tz\/esp\/\",\"name\":\"Deoadventure\",\"description\":\"deoadventure\",\"potentialAction\":[{\"@type\":\"SearchAction\",\"target\":{\"@type\":\"EntryPoint\",\"urlTemplate\":\"https:\/\/www.deoadventure.co.tz\/esp\/?s={search_term_string}\"},\"query-input\":\"required name=search_term_string\"}],\"inLanguage\":\"en-US\"},{\"@type\":\"WebPage\",\"@id\":\"https:\/\/www.deoadventure.co.tz\/esp\/ruta-lemosho-de-7-dias\/#webpage\",\"url\":\"https:\/\/www.deoadventure.co.tz\/esp\/ruta-lemosho-de-7-dias\/\",\"name\":\"Ruta Lemosho de 7 d\\u00edas - Deoadventure\",\"isPartOf\":{\"@id\":\"https:\/\/www.deoadventure.co.tz\/esp\/#website\"},\"datePublished\":\"2023-08-12T07:46:14+00:00\",\"dateModified\":\"2023-08-15T09:23:44+00:00\",\"breadcrumb\":{\"@id\":\"https:\/\/www.deoadventure.co.tz\/esp\/ruta-lemosho-de-7-dias\/#breadcrumb\"},\"inLanguage\":\"en-US\",\"potentialAction\":[{\"@type\":\"ReadAction\",\"target\":[\"https:\/\/www.deoadventure.co.tz\/esp\/ruta-lemosho-de-7-dias\/\"]}]},{\"@type\":\"BreadcrumbList\",\"@id\":\"https:\/\/www.deoadventure.co.tz\/esp\/ruta-lemosho-de-7-dias\/#breadcrumb\",\"itemListElement\":[{\"@type\":\"ListItem\",\"position\":1,\"name\":\"Home\",\"item\":\"https:\/\/www.deoadventure.co.tz\/esp\/\"},{\"@type\":\"ListItem\",\"position\":2,\"name\":\"Ruta Lemosho de 7 d\\u00edas\"}]}]}<\/script>\n<!-- \/ Yoast SEO plugin. -->","yoast_head_json":{"title":"Ruta Lemosho de 7 d\u00edas - Deoadventure","robots":{"index":"index","follow":"follow","max-snippet":"max-snippet:-1","max-image-preview":"max-image-preview:large","max-video-preview":"max-video-preview:-1"},"canonical":"https:\/\/www.deoadventure.co.tz\/esp\/ruta-lemosho-de-7-dias\/","og_locale":"en_US","og_type":"article","og_title":"Ruta Lemosho de 7 d\u00edas - Deoadventure","og_url":"https:\/\/www.deoadventure.co.tz\/esp\/ruta-lemosho-de-7-dias\/","og_site_name":"Deoadventure","article_modified_time":"2023-08-15T09:23:44+00:00","twitter_card":"summary_large_image","twitter_misc":{"Est. reading time":"7 minutes"},"schema":{"@context":"https:\/\/schema.org","@graph":[{"@type":"WebSite","@id":"https:\/\/www.deoadventure.co.tz\/esp\/#website","url":"https:\/\/www.deoadventure.co.tz\/esp\/","name":"Deoadventure","description":"deoadventure","potentialAction":[{"@type":"SearchAction","target":{"@type":"EntryPoint","urlTemplate":"https:\/\/www.deoadventure.co.tz\/esp\/?s={search_term_string}"},"query-input":"required name=search_term_string"}],"inLanguage":"en-US"},{"@type":"WebPage","@id":"https:\/\/www.deoadventure.co.tz\/esp\/ruta-lemosho-de-7-dias\/#webpage","url":"https:\/\/www.deoadventure.co.tz\/esp\/ruta-lemosho-de-7-dias\/","name":"Ruta Lemosho de 7 d\u00edas - Deoadventure","isPartOf":{"@id":"https:\/\/www.deoadventure.co.tz\/esp\/#website"},"datePublished":"2023-08-12T07:46:14+00:00","dateModified":"2023-08-15T09:23:44+00:00","breadcrumb":{"@id":"https:\/\/www.deoadventure.co.tz\/esp\/ruta-lemosho-de-7-dias\/#breadcrumb"},"inLanguage":"en-US","potentialAction":[{"@type":"ReadAction","target":["https:\/\/www.deoadventure.co.tz\/esp\/ruta-lemosho-de-7-dias\/"]}]},{"@type":"BreadcrumbList","@id":"https:\/\/www.deoadventure.co.tz\/esp\/ruta-lemosho-de-7-dias\/#breadcrumb","itemListElement":[{"@type":"ListItem","position":1,"name":"Home","item":"https:\/\/www.deoadventure.co.tz\/esp\/"},{"@type":"ListItem","position":2,"name":"Ruta Lemosho de 7 d\u00edas"}]}]}},"_links":{"self":[{"href":"https:\/\/www.deoadventure.co.tz\/esp\/wp-json\/wp\/v2\/pages\/5323"}],"collection":[{"href":"https:\/\/www.deoadventure.co.tz\/esp\/wp-json\/wp\/v2\/pages"}],"about":[{"href":"https:\/\/www.deoadventure.co.tz\/esp\/wp-json\/wp\/v2\/types\/page"}],"author":[{"embeddable":true,"href":"https:\/\/www.deoadventure.co.tz\/esp\/wp-json\/wp\/v2\/users\/1"}],"replies":[{"embeddable":true,"href":"https:\/\/www.deoadventure.co.tz\/esp\/wp-json\/wp\/v2\/comments?post=5323"}],"version-history":[{"count":5,"href":"https:\/\/www.deoadventure.co.tz\/esp\/wp-json\/wp\/v2\/pages\/5323\/revisions"}],"predecessor-version":[{"id":5354,"href":"https:\/\/www.deoadventure.co.tz\/esp\/wp-json\/wp\/v2\/pages\/5323\/revisions\/5354"}],"wp:attachment":[{"href":"https:\/\/www.deoadventure.co.tz\/esp\/wp-json\/wp\/v2\/media?parent=5323"}],"curies":[{"name":"wp","href":"https:\/\/api.w.org\/{rel}","templated":true}]}}