{"id":5357,"date":"2023-08-12T10:35:55","date_gmt":"2023-08-12T10:35:55","guid":{"rendered":"https:\/\/www.deoadventure.co.tz\/esp\/?page_id=5357"},"modified":"2023-08-12T11:04:59","modified_gmt":"2023-08-12T11:04:59","slug":"7-dias-ruta-rongai","status":"publish","type":"page","link":"https:\/\/www.deoadventure.co.tz\/esp\/7-dias-ruta-rongai\/","title":{"rendered":"7 d\u00edas Ruta Rongai"},"content":{"rendered":"<p><div class=\"fusion-fullwidth fullwidth-box fusion-builder-row-1 nonhundred-percent-fullwidth non-hundred-percent-height-scrolling\" style=\"background-color: rgba(255,255,255,0);background-position: center center;background-repeat: no-repeat;padding-top:0px;padding-right:0px;padding-bottom:0px;padding-left:0px;margin-bottom: 0px;margin-top: 0px;border-width: 0px 0px 0px 0px;border-color:#eae9e9;border-style:solid;\" ><div class=\"fusion-builder-row fusion-row\"><div class=\"fusion-layout-column fusion_builder_column fusion-builder-column-0 fusion_builder_column_1_1 1_1 fusion-one-full fusion-column-first fusion-column-last\" style=\"margin-top:0px;margin-bottom:0px;\"><div class=\"fusion-column-wrapper fusion-flex-column-wrapper-legacy\" style=\"background-position:left top;background-repeat:no-repeat;-webkit-background-size:cover;-moz-background-size:cover;-o-background-size:cover;background-size:cover;padding: 0px 0px 0px 0px;\"><div class=\"fusion-text fusion-text-1\"><div class=\"adv_bg_kilimanjaro2\"><\/div>\n<\/div><div class=\"fusion-clearfix\"><\/div><\/div><\/div><\/div><\/div><div class=\"fusion-fullwidth fullwidth-box fusion-builder-row-2 nonhundred-percent-fullwidth non-hundred-percent-height-scrolling\" style=\"background-color: rgba(255,255,255,0);background-position: center center;background-repeat: no-repeat;padding-top:0px;padding-right:30px;padding-bottom:30px;padding-left:30px;margin-bottom: 0px;margin-top: -150px;border-width: 0px 0px 0px 0px;border-color:#eae9e9;border-style:solid;\" ><div class=\"fusion-builder-row fusion-row\"><div class=\"fusion-layout-column fusion_builder_column fusion-builder-column-1 fusion_builder_column_2_3 2_3 fusion-two-third fusion-column-first adv_contents_included\" style=\"width:66.666666666667%;width:calc(66.666666666667% - ( ( 4% ) * 0.66666666666667 ) );margin-right: 4%;margin-top:0px;margin-bottom:0px;\"><div class=\"fusion-column-wrapper fusion-flex-column-wrapper-legacy\" style=\"background-position:left top;background-repeat:no-repeat;-webkit-background-size:cover;-moz-background-size:cover;-o-background-size:cover;background-size:cover;padding: 0px 0px 0px 0px;\"><div class=\"fusion-text fusion-text-2\"><div class=\"elementor-column elementor-col-50 elementor-inner-column elementor-element elementor-element-7b1983c\" data-id=\"7b1983c\" data-element_type=\"column\">\n<div class=\"elementor-widget-wrap elementor-element-populated\">\n<div class=\"elementor-element elementor-element-906d88f elementor-widget elementor-widget-text-editor\" data-id=\"906d88f\" data-element_type=\"widget\" data-widget_type=\"text-editor.default\">\n<div class=\"elementor-widget-container\">\n<p>La ruta Rongai es una de las rutas menos transitadas para escalar el Monte Kilimanjaro en Tanzania. Por lo general, toma 7 d\u00edas completar el ascenso y el descenso. Aqu\u00ed hay un desglose d\u00eda a d\u00eda de la ruta Rongai de 7 d\u00edas:<\/p>\n<\/div>\n<\/div>\n<\/div>\n<\/div>\n<\/div><div class=\"fusion-text fusion-text-3\"><h2 class=\"eap_section_title eap_section_title_5363\"> 7 d\u00edas Ruta Rongai <\/h2><div id=\"sp-ea-5363\" class=\"sp-ea-one sp-easy-accordion\" data-ex-icon=\"fa-minus\" data-col-icon=\"fa-plus\"  data-ea-active=\"ea-click\"  data-ea-mode=\"vertical\" data-preloader=\"\"><div class=\"ea-card  sp-ea-single\"><h3 class=\"ea-header\"><a class=\"collapsed\" data-sptoggle=\"spcollapse\" data-sptarget=#collapse53630 href=\"javascript:void(0)\" aria-expanded=\"false\"><i class=\"ea-expand-icon fa fa-plus\"><\/i> D\u00eda 1: Puerta de Rongai al campamento Simba<\/a><\/h3><div class=\"sp-collapse spcollapse spcollapse\" id=\"collapse53630\" data-parent=#sp-ea-5363><div class=\"ea-body\"><ul>\n<li>Elevaci\u00f3n: 1,950m (6,400ft) a 2,650m (8,700ft)<\/li>\n<li>Tiempo de caminata: 3-4 horas<\/li>\n<\/ul>\n<p>El viaje comienza en la Puerta Rongai en el lado noreste del Kilimanjaro. Caminar\u00e1s a trav\u00e9s de la exuberante selva tropical en las laderas m\u00e1s bajas de la monta\u00f1a para llegar al campamento Simba, donde pasar\u00e1s la primera noche.<\/p>\n<\/div><\/div><\/div><div class=\"ea-card  sp-ea-single\"><h3 class=\"ea-header\"><a class=\"collapsed\" data-sptoggle=\"spcollapse\" data-sptarget=#collapse53631 href=\"javascript:void(0)\" aria-expanded=\"false\"><i class=\"ea-expand-icon fa fa-plus\"><\/i> D\u00eda 2: Campamento Simba al campamento Kikelewa<\/a><\/h3><div class=\"sp-collapse spcollapse spcollapse\" id=\"collapse53631\" data-parent=#sp-ea-5363><div class=\"ea-body\"><ul>\n<li>Elevaci\u00f3n: 2,650m (8,700ft) a 3,600m (11,800ft)<\/li>\n<li>Tiempo de caminata: 6-7 horas<\/li>\n<\/ul>\n<p>La caminata de hoy contin\u00faa a trav\u00e9s de terrenos de p\u00e1ramos con impresionantes vistas de la cumbre de Kibo. Acampar\u00e1s en Kikelewa Camp, donde notar\u00e1s un cambio en la vegetaci\u00f3n a medida que ganes altitud.<\/p>\n<\/div><\/div><\/div><div class=\"ea-card  sp-ea-single\"><h3 class=\"ea-header\"><a class=\"collapsed\" data-sptoggle=\"spcollapse\" data-sptarget=#collapse53632 href=\"javascript:void(0)\" aria-expanded=\"false\"><i class=\"ea-expand-icon fa fa-plus\"><\/i> D\u00eda 3: Campamento Kikelewa a Campamento Mawenzi Tarn<\/a><\/h3><div class=\"sp-collapse spcollapse spcollapse\" id=\"collapse53632\" data-parent=#sp-ea-5363><div class=\"ea-body\"><ul>\n<li>Elevaci\u00f3n: 3,600m (11,800ft) a 4,330m (14,200ft)<\/li>\n<li>Tiempo de caminata: 3-4 horas<\/li>\n<\/ul>\n<p>Este es un d\u00eda de caminata m\u00e1s corto, lo que permite la aclimataci\u00f3n. Ascender\u00e1s al campamento Mawenzi Tarn, ubicado cerca de un hermoso lago alpino, en la base del pico Mawenzi.<\/p>\n<\/div><\/div><\/div><div class=\"ea-card  sp-ea-single\"><h3 class=\"ea-header\"><a class=\"collapsed\" data-sptoggle=\"spcollapse\" data-sptarget=#collapse53633 href=\"javascript:void(0)\" aria-expanded=\"false\"><i class=\"ea-expand-icon fa fa-plus\"><\/i> D\u00eda 4: D\u00eda de aclimataci\u00f3n en el campamento Mawenzi Tarn<\/a><\/h3><div class=\"sp-collapse spcollapse spcollapse\" id=\"collapse53633\" data-parent=#sp-ea-5363><div class=\"ea-body\"><ul>\n<li>Altitud: 4,330m (14,200ft)<\/li>\n<li>Tiempo de caminata: Caminatas de exploraci\u00f3n<\/li>\n<\/ul>\n<p>Este d\u00eda se reserva para la aclimataci\u00f3n. Puede realizar caminatas cortas para explorar el \u00e1rea alrededor del campamento Mawenzi Tarn, lo que ayuda a su cuerpo a adaptarse a la altitud y aumenta sus posibilidades de una cumbre exitosa.<\/p>\n<\/div><\/div><\/div><div class=\"ea-card  sp-ea-single\"><h3 class=\"ea-header\"><a class=\"collapsed\" data-sptoggle=\"spcollapse\" data-sptarget=#collapse53634 href=\"javascript:void(0)\" aria-expanded=\"false\"><i class=\"ea-expand-icon fa fa-plus\"><\/i> D\u00eda 5: Mawenzi Tarn Camp a Kibo Hut<\/a><\/h3><div class=\"sp-collapse spcollapse spcollapse\" id=\"collapse53634\" data-parent=#sp-ea-5363><div class=\"ea-body\"><ul>\n<li>Elevaci\u00f3n: 4,330m (14,200ft) a 4,700m (15,400ft)<\/li>\n<li>Tiempo de caminata: 4-5 horas<\/li>\n<\/ul>\n<p>Hoy, dejar\u00e1s atr\u00e1s la regi\u00f3n de Mawenzi y caminar\u00e1s por la silla de montar entre los picos Mawenzi y Kibo. Llegar\u00e1s a Kibo Hut, que es el campamento base para el intento de cumbre.<\/p>\n<\/div><\/div><\/div><div class=\"ea-card  sp-ea-single\"><h3 class=\"ea-header\"><a class=\"collapsed\" data-sptoggle=\"spcollapse\" data-sptarget=#collapse53635 href=\"javascript:void(0)\" aria-expanded=\"false\"><i class=\"ea-expand-icon fa fa-plus\"><\/i> D\u00eda 6: Kibo Hut a Uhuru Peak y luego a Horombo Hut<\/a><\/h3><div class=\"sp-collapse spcollapse spcollapse\" id=\"collapse53635\" data-parent=#sp-ea-5363><div class=\"ea-body\"><ul>\n<li>Elevaci\u00f3n: 4,700m (15,400ft) a 5,895m (19,341ft) a 3,720m (12,200ft)<\/li>\n<li>Tiempo de caminata: 6-8 horas de ascenso al pico Uhuru, 4-6 horas de descenso a Horombo Hut<\/li>\n<\/ul>\n<p>\u00a1El d\u00eda de la cumbre! Comenzar\u00e1 su caminata en las primeras horas de la ma\u00f1ana para llegar a la cima del Kilimanjaro, el pico Uhuru, antes del amanecer. Despu\u00e9s de celebrar su logro en la cumbre, descender\u00e1 de regreso a Kibo Hut y continuar\u00e1 hasta Horombo Hut para pasar la noche.<\/p>\n<\/div><\/div><\/div><div class=\"ea-card  sp-ea-single\"><h3 class=\"ea-header\"><a class=\"collapsed\" data-sptoggle=\"spcollapse\" data-sptarget=#collapse53636 href=\"javascript:void(0)\" aria-expanded=\"false\"><i class=\"ea-expand-icon fa fa-plus\"><\/i> D\u00eda 7: Horombo Hut a Marangu Gate<\/a><\/h3><div class=\"sp-collapse spcollapse spcollapse\" id=\"collapse53636\" data-parent=#sp-ea-5363><div class=\"ea-body\"><ul>\n<li>Elevaci\u00f3n: 3,720m (12,200ft) a 1,860m (6,100ft)<\/li>\n<li>Tiempo de caminata: 5-6 horas<\/li>\n<\/ul>\n<p>El tramo final del viaje lo lleva a trav\u00e9s de la selva tropical desde Horombo Hut hasta Marangu Gate. Aqu\u00ed, recibir\u00e1 su merecido certificado por conquistar el Kilimanjaro, y luego ser\u00e1 trasladado de regreso a su hotel.<\/p>\n<\/div><\/div><\/div><\/div>\n<\/div><div class=\"fusion-clearfix\"><\/div><\/div><\/div><div class=\"fusion-layout-column fusion_builder_column fusion-builder-column-2 fusion_builder_column_1_4 1_4 fusion-one-fourth fusion-column-last adv_contents_included2\" style=\"width:25%;width:calc(25% - ( ( 4% ) * 0.25 ) );margin-top:0px;margin-bottom:0px;\"><div class=\"fusion-column-wrapper fusion-flex-column-wrapper-legacy\" style=\"background-position:left top;background-repeat:no-repeat;-webkit-background-size:cover;-moz-background-size:cover;-o-background-size:cover;background-size:cover;padding: 0px 0px 0px 0px;\"><div class=\"fusion-text fusion-text-4\"><div class=\"adv_title2\" style=\"text-align: left; margin-bottom: 10px;\">Solicita Ahora!<\/div>\n<\/div><div role=\"form\" class=\"wpcf7\" id=\"wpcf7-f564-o1\" lang=\"en-US\" dir=\"ltr\">\n<div class=\"screen-reader-response\"><p role=\"status\" aria-live=\"polite\" aria-atomic=\"true\"><\/p> <ul><\/ul><\/div>\n<form action=\"\/esp\/wp-json\/wp\/v2\/pages\/5357#wpcf7-f564-o1\" method=\"post\" class=\"wpcf7-form init\" novalidate=\"novalidate\" data-status=\"init\">\n<div style=\"display: none;\">\n<input type=\"hidden\" name=\"_wpcf7\" value=\"564\" \/>\n<input type=\"hidden\" name=\"_wpcf7_version\" value=\"5.5.3\" \/>\n<input type=\"hidden\" name=\"_wpcf7_locale\" value=\"en_US\" \/>\n<input type=\"hidden\" name=\"_wpcf7_unit_tag\" value=\"wpcf7-f564-o1\" \/>\n<input type=\"hidden\" name=\"_wpcf7_container_post\" value=\"0\" \/>\n<input type=\"hidden\" name=\"_wpcf7_posted_data_hash\" value=\"\" \/>\n<input type=\"hidden\" name=\"_wpcf7_recaptcha_response\" value=\"\" \/>\n<\/div>\n<div style=\"display:none\"><span class=\"wpcf7-form-control-wrap itinerary\"><input type=\"text\" name=\"itinerary\" value=\"ITINERARY_VALUE\" size=\"40\" class=\"wpcf7-form-control wpcf7-text\" aria-invalid=\"false\" \/><\/span><\/div>\n<p><label> Tu Nombre (Requerido)<br \/>\n    <span class=\"wpcf7-form-control-wrap your-name\"><input type=\"text\" name=\"your-name\" value=\"\" size=\"40\" class=\"wpcf7-form-control wpcf7-text wpcf7-validates-as-required\" aria-required=\"true\" aria-invalid=\"false\" \/><\/span> <\/label><\/p>\n<p><label> Tu Correo (Requerido)<br \/>\n    <span class=\"wpcf7-form-control-wrap your-email\"><input type=\"email\" name=\"your-email\" value=\"\" size=\"40\" class=\"wpcf7-form-control wpcf7-text wpcf7-email wpcf7-validates-as-required wpcf7-validates-as-email\" aria-required=\"true\" aria-invalid=\"false\" \/><\/span> <\/label><\/p>\n<p><label> Fecha del viaje (Requerido)<br \/>\n    <span class=\"wpcf7-form-control-wrap arrival\"><input type=\"date\" name=\"arrival\" value=\"\" class=\"wpcf7-form-control wpcf7-date wpcf7-validates-as-required wpcf7-validates-as-date\" aria-required=\"true\" aria-invalid=\"false\" \/><\/span> <\/label><\/p>\n<p><label> N\u00famero de personas (Requerido)<br \/>\n    <span class=\"wpcf7-form-control-wrap noofguests\"><input type=\"number\" name=\"noofguests\" value=\"\" class=\"wpcf7-form-control wpcf7-number wpcf7-validates-as-required wpcf7-validates-as-number\" aria-required=\"true\" aria-invalid=\"false\" \/><\/span> <\/label><\/p>\n<p><label> Como nos encuentras (Requerido)<br \/>\n<span class=\"wpcf7-form-control-wrap howyoufindus\"><select name=\"howyoufindus\" class=\"wpcf7-form-control wpcf7-select wpcf7-validates-as-required\" aria-required=\"true\" aria-invalid=\"false\"><option value=\"---\">---<\/option><option value=\"Un Amigo\">Un Amigo<\/option><option value=\"Google\">Google<\/option><option value=\"Otros\">Otros<\/option><\/select><\/span><\/label><\/p>\n<p><label> Si deseas hacer un viaje a medida o quieres comentarnos algo sobre el safari que has escogido (d\u00edas de acampada, ...) especif\u00edcalo aqu\u00ed:<br \/>\n    <span class=\"wpcf7-form-control-wrap your-message\"><textarea name=\"your-message\" cols=\"40\" rows=\"10\" class=\"wpcf7-form-control wpcf7-textarea\" aria-invalid=\"false\"><\/textarea><\/span> <\/label><\/p>\n<p><input type=\"submit\" value=\"Enviar\" class=\"wpcf7-form-control has-spinner wpcf7-submit\" \/><\/p>\n<div class=\"fusion-alert alert custom alert-custom fusion-alert-center wpcf7-response-output fusion-alert-capitalize alert-dismissable\" style=\"border-width:1px;\"><button type=\"button\" class=\"close toggle-alert\" data-dismiss=\"alert\" aria-hidden=\"true\">&times;<\/button><div class=\"fusion-alert-content-wrapper\"><span class=\"fusion-alert-content\"><\/span><\/div><\/div><\/form><\/div><div class=\"fusion-clearfix\"><\/div><\/div><\/div><\/div><\/div><\/p>\n","protected":false},"excerpt":{"rendered":"","protected":false},"author":1,"featured_media":0,"parent":0,"menu_order":0,"comment_status":"closed","ping_status":"closed","template":"","meta":[],"yoast_head":"<!-- This site is optimized with the Yoast SEO plugin v17.8 - https:\/\/yoast.com\/wordpress\/plugins\/seo\/ -->\n<title>7 d\u00edas Ruta Rongai - Deoadventure<\/title>\n<meta name=\"robots\" content=\"index, follow, max-snippet:-1, max-image-preview:large, max-video-preview:-1\" \/>\n<link rel=\"canonical\" href=\"https:\/\/www.deoadventure.co.tz\/esp\/7-dias-ruta-rongai\/\" \/>\n<meta property=\"og:locale\" content=\"en_US\" \/>\n<meta property=\"og:type\" content=\"article\" \/>\n<meta property=\"og:title\" content=\"7 d\u00edas Ruta Rongai - Deoadventure\" \/>\n<meta property=\"og:url\" content=\"https:\/\/www.deoadventure.co.tz\/esp\/7-dias-ruta-rongai\/\" \/>\n<meta property=\"og:site_name\" content=\"Deoadventure\" \/>\n<meta property=\"article:modified_time\" content=\"2023-08-12T11:04:59+00:00\" \/>\n<meta name=\"twitter:card\" content=\"summary_large_image\" \/>\n<meta name=\"twitter:label1\" content=\"Est. reading time\" \/>\n\t<meta name=\"twitter:data1\" content=\"7 minutes\" \/>\n<script type=\"application\/ld+json\" class=\"yoast-schema-graph\">{\"@context\":\"https:\/\/schema.org\",\"@graph\":[{\"@type\":\"WebSite\",\"@id\":\"https:\/\/www.deoadventure.co.tz\/esp\/#website\",\"url\":\"https:\/\/www.deoadventure.co.tz\/esp\/\",\"name\":\"Deoadventure\",\"description\":\"deoadventure\",\"potentialAction\":[{\"@type\":\"SearchAction\",\"target\":{\"@type\":\"EntryPoint\",\"urlTemplate\":\"https:\/\/www.deoadventure.co.tz\/esp\/?s={search_term_string}\"},\"query-input\":\"required name=search_term_string\"}],\"inLanguage\":\"en-US\"},{\"@type\":\"WebPage\",\"@id\":\"https:\/\/www.deoadventure.co.tz\/esp\/7-dias-ruta-rongai\/#webpage\",\"url\":\"https:\/\/www.deoadventure.co.tz\/esp\/7-dias-ruta-rongai\/\",\"name\":\"7 d\\u00edas Ruta Rongai - Deoadventure\",\"isPartOf\":{\"@id\":\"https:\/\/www.deoadventure.co.tz\/esp\/#website\"},\"datePublished\":\"2023-08-12T10:35:55+00:00\",\"dateModified\":\"2023-08-12T11:04:59+00:00\",\"breadcrumb\":{\"@id\":\"https:\/\/www.deoadventure.co.tz\/esp\/7-dias-ruta-rongai\/#breadcrumb\"},\"inLanguage\":\"en-US\",\"potentialAction\":[{\"@type\":\"ReadAction\",\"target\":[\"https:\/\/www.deoadventure.co.tz\/esp\/7-dias-ruta-rongai\/\"]}]},{\"@type\":\"BreadcrumbList\",\"@id\":\"https:\/\/www.deoadventure.co.tz\/esp\/7-dias-ruta-rongai\/#breadcrumb\",\"itemListElement\":[{\"@type\":\"ListItem\",\"position\":1,\"name\":\"Home\",\"item\":\"https:\/\/www.deoadventure.co.tz\/esp\/\"},{\"@type\":\"ListItem\",\"position\":2,\"name\":\"7 d\\u00edas Ruta Rongai\"}]}]}<\/script>\n<!-- \/ Yoast SEO plugin. -->","yoast_head_json":{"title":"7 d\u00edas Ruta Rongai - Deoadventure","robots":{"index":"index","follow":"follow","max-snippet":"max-snippet:-1","max-image-preview":"max-image-preview:large","max-video-preview":"max-video-preview:-1"},"canonical":"https:\/\/www.deoadventure.co.tz\/esp\/7-dias-ruta-rongai\/","og_locale":"en_US","og_type":"article","og_title":"7 d\u00edas Ruta Rongai - Deoadventure","og_url":"https:\/\/www.deoadventure.co.tz\/esp\/7-dias-ruta-rongai\/","og_site_name":"Deoadventure","article_modified_time":"2023-08-12T11:04:59+00:00","twitter_card":"summary_large_image","twitter_misc":{"Est. reading time":"7 minutes"},"schema":{"@context":"https:\/\/schema.org","@graph":[{"@type":"WebSite","@id":"https:\/\/www.deoadventure.co.tz\/esp\/#website","url":"https:\/\/www.deoadventure.co.tz\/esp\/","name":"Deoadventure","description":"deoadventure","potentialAction":[{"@type":"SearchAction","target":{"@type":"EntryPoint","urlTemplate":"https:\/\/www.deoadventure.co.tz\/esp\/?s={search_term_string}"},"query-input":"required name=search_term_string"}],"inLanguage":"en-US"},{"@type":"WebPage","@id":"https:\/\/www.deoadventure.co.tz\/esp\/7-dias-ruta-rongai\/#webpage","url":"https:\/\/www.deoadventure.co.tz\/esp\/7-dias-ruta-rongai\/","name":"7 d\u00edas Ruta Rongai - Deoadventure","isPartOf":{"@id":"https:\/\/www.deoadventure.co.tz\/esp\/#website"},"datePublished":"2023-08-12T10:35:55+00:00","dateModified":"2023-08-12T11:04:59+00:00","breadcrumb":{"@id":"https:\/\/www.deoadventure.co.tz\/esp\/7-dias-ruta-rongai\/#breadcrumb"},"inLanguage":"en-US","potentialAction":[{"@type":"ReadAction","target":["https:\/\/www.deoadventure.co.tz\/esp\/7-dias-ruta-rongai\/"]}]},{"@type":"BreadcrumbList","@id":"https:\/\/www.deoadventure.co.tz\/esp\/7-dias-ruta-rongai\/#breadcrumb","itemListElement":[{"@type":"ListItem","position":1,"name":"Home","item":"https:\/\/www.deoadventure.co.tz\/esp\/"},{"@type":"ListItem","position":2,"name":"7 d\u00edas Ruta Rongai"}]}]}},"_links":{"self":[{"href":"https:\/\/www.deoadventure.co.tz\/esp\/wp-json\/wp\/v2\/pages\/5357"}],"collection":[{"href":"https:\/\/www.deoadventure.co.tz\/esp\/wp-json\/wp\/v2\/pages"}],"about":[{"href":"https:\/\/www.deoadventure.co.tz\/esp\/wp-json\/wp\/v2\/types\/page"}],"author":[{"embeddable":true,"href":"https:\/\/www.deoadventure.co.tz\/esp\/wp-json\/wp\/v2\/users\/1"}],"replies":[{"embeddable":true,"href":"https:\/\/www.deoadventure.co.tz\/esp\/wp-json\/wp\/v2\/comments?post=5357"}],"version-history":[{"count":5,"href":"https:\/\/www.deoadventure.co.tz\/esp\/wp-json\/wp\/v2\/pages\/5357\/revisions"}],"predecessor-version":[{"id":5385,"href":"https:\/\/www.deoadventure.co.tz\/esp\/wp-json\/wp\/v2\/pages\/5357\/revisions\/5385"}],"wp:attachment":[{"href":"https:\/\/www.deoadventure.co.tz\/esp\/wp-json\/wp\/v2\/media?parent=5357"}],"curies":[{"name":"wp","href":"https:\/\/api.w.org\/{rel}","templated":true}]}}