{"id":5366,"date":"2023-08-12T11:13:29","date_gmt":"2023-08-12T11:13:29","guid":{"rendered":"https:\/\/www.deoadventure.co.tz\/esp\/?page_id=5366"},"modified":"2023-08-12T11:14:53","modified_gmt":"2023-08-12T11:14:53","slug":"6-dias-ruta-machame","status":"publish","type":"page","link":"https:\/\/www.deoadventure.co.tz\/esp\/6-dias-ruta-machame\/","title":{"rendered":"6 D\u00edas Ruta Machame"},"content":{"rendered":"<p><div class=\"fusion-fullwidth fullwidth-box fusion-builder-row-1 nonhundred-percent-fullwidth non-hundred-percent-height-scrolling\" style=\"background-color: rgba(255,255,255,0);background-position: center center;background-repeat: no-repeat;padding-top:0px;padding-right:0px;padding-bottom:0px;padding-left:0px;margin-bottom: 0px;margin-top: 0px;border-width: 0px 0px 0px 0px;border-color:#eae9e9;border-style:solid;\" ><div class=\"fusion-builder-row fusion-row\"><div class=\"fusion-layout-column fusion_builder_column fusion-builder-column-0 fusion_builder_column_1_1 1_1 fusion-one-full fusion-column-first fusion-column-last\" style=\"margin-top:0px;margin-bottom:0px;\"><div class=\"fusion-column-wrapper fusion-flex-column-wrapper-legacy\" style=\"background-position:left top;background-repeat:no-repeat;-webkit-background-size:cover;-moz-background-size:cover;-o-background-size:cover;background-size:cover;padding: 0px 0px 0px 0px;\"><div class=\"fusion-text fusion-text-1\"><div class=\"adv_bg_kilimanjaro2\"><\/div>\n<\/div><div class=\"fusion-clearfix\"><\/div><\/div><\/div><\/div><\/div><div class=\"fusion-fullwidth fullwidth-box fusion-builder-row-2 nonhundred-percent-fullwidth non-hundred-percent-height-scrolling\" style=\"background-color: rgba(255,255,255,0);background-position: center center;background-repeat: no-repeat;padding-top:0px;padding-right:30px;padding-bottom:30px;padding-left:30px;margin-bottom: 0px;margin-top: -150px;border-width: 0px 0px 0px 0px;border-color:#eae9e9;border-style:solid;\" ><div class=\"fusion-builder-row fusion-row\"><div class=\"fusion-layout-column fusion_builder_column fusion-builder-column-1 fusion_builder_column_2_3 2_3 fusion-two-third fusion-column-first adv_contents_included\" style=\"width:66.666666666667%;width:calc(66.666666666667% - ( ( 4% ) * 0.66666666666667 ) );margin-right: 4%;margin-top:0px;margin-bottom:0px;\"><div class=\"fusion-column-wrapper fusion-flex-column-wrapper-legacy\" style=\"background-position:left top;background-repeat:no-repeat;-webkit-background-size:cover;-moz-background-size:cover;-o-background-size:cover;background-size:cover;padding: 0px 0px 0px 0px;\"><div class=\"fusion-text fusion-text-2\"><div class=\"elementor-column elementor-col-50 elementor-inner-column elementor-element elementor-element-7b1983c\" data-id=\"7b1983c\" data-element_type=\"column\">\n<div class=\"elementor-widget-wrap elementor-element-populated\">\n<div class=\"elementor-element elementor-element-906d88f elementor-widget elementor-widget-text-editor\" data-id=\"906d88f\" data-element_type=\"widget\" data-widget_type=\"text-editor.default\">\n<div class=\"elementor-widget-container\">\n<p>La Ruta Machame de 6 d\u00edas es una aventura de trekking popular y emocionante que lo lleva a la cima del Monte Kilimanjaro, el pico m\u00e1s alto de \u00c1frica. Esta desafiante ruta ofrece vistas impresionantes, paisajes diversos y una experiencia inmersiva en la naturaleza. Con una aclimataci\u00f3n cuidadosamente planificada y gu\u00edas expertos, se embarcar\u00e1 en un viaje inolvidable, conquistando la majestuosa monta\u00f1a y creando recuerdos que durar\u00e1n toda la vida.<\/p>\n<\/div>\n<\/div>\n<\/div>\n<\/div>\n<\/div><div class=\"fusion-text fusion-text-3\"><h2 class=\"eap_section_title eap_section_title_5359\"> 6 D\u00edas Ruta Machame <\/h2><div id=\"sp-ea-5359\" class=\"sp-ea-one sp-easy-accordion\" data-ex-icon=\"fa-minus\" data-col-icon=\"fa-plus\"  data-ea-active=\"ea-click\"  data-ea-mode=\"vertical\" data-preloader=\"\"><div class=\"ea-card  sp-ea-single\"><h3 class=\"ea-header\"><a class=\"collapsed\" data-sptoggle=\"spcollapse\" data-sptarget=#collapse53590 href=\"javascript:void(0)\" aria-expanded=\"false\"><i class=\"ea-expand-icon fa fa-plus\"><\/i> D\u00eda 1 - Puerta de Machame al campamento de Machame<\/a><\/h3><div class=\"sp-collapse spcollapse spcollapse\" id=\"collapse53590\" data-parent=#sp-ea-5359><div class=\"ea-body\"><ul>\n<li>Elevaci\u00f3n: 5,380 pies a 9,350 pies<\/li>\n<li>Distancia: 11 km\/7 millas<\/li>\n<li>Tiempo de caminata: 5-7 horas<\/li>\n<li>H\u00e1bitat: Selva tropical<\/li>\n<\/ul>\n<p>El viaje desde Moshi hasta la puerta de Machame dura unos 50 minutos. El viaje pasa por el pueblo de Machame, que se encuentra en las laderas m\u00e1s bajas de la monta\u00f1a. Al salir de la puerta del parque, caminamos a trav\u00e9s de la densa selva tropical en un sendero sinuoso por una cresta hasta llegar a la Machame Cam.<\/p>\n<\/div><\/div><\/div><div class=\"ea-card  sp-ea-single\"><h3 class=\"ea-header\"><a class=\"collapsed\" data-sptoggle=\"spcollapse\" data-sptarget=#collapse53591 href=\"javascript:void(0)\" aria-expanded=\"false\"><i class=\"ea-expand-icon fa fa-plus\"><\/i> D\u00eda 2 - Campamento Machame a Campamento Shira<\/a><\/h3><div class=\"sp-collapse spcollapse spcollapse\" id=\"collapse53591\" data-parent=#sp-ea-5359><div class=\"ea-body\"><ul>\n<li>Elevaci\u00f3n: 9,350 pies a 12,500 pies<\/li>\n<li>Distancia: 5 km\/3 millas<\/li>\n<li>Tiempo de caminata: 4-6 horas<\/li>\n<li>H\u00e1bitat: Brezal<\/li>\n<\/ul>\n<p>Dejamos los claros de la selva tropical y continuamos por un camino ascendente hasta una cresta empinada y rocosa. En la meseta de Shira, pasamos por brezos y p\u00e1ramos abiertos, luego cruzamos un gran desfiladero del r\u00edo hasta el campamento Shira 2.<\/p>\n<\/div><\/div><\/div><div class=\"ea-card  sp-ea-single\"><h3 class=\"ea-header\"><a class=\"collapsed\" data-sptoggle=\"spcollapse\" data-sptarget=#collapse53592 href=\"javascript:void(0)\" aria-expanded=\"false\"><i class=\"ea-expand-icon fa fa-plus\"><\/i> D\u00eda 3 - Shira Camp a Lava Tower Ridge<\/a><\/h3><div class=\"sp-collapse spcollapse spcollapse\" id=\"collapse53592\" data-parent=#sp-ea-5359><div class=\"ea-body\"><ul>\n<li>Elevaci\u00f3n: 12,500 pies a 15,190 pies<\/li>\n<li>Distancia: 7 km\/4 millas<\/li>\n<li>Tiempo de caminata: 4-5 horas<\/li>\n<li>H\u00e1bitat: Desierto alpino<\/li>\n<li><\/li>\n<\/ul>\n<p>Torre de lava al campamento Barranco<\/p>\n<ul>\n<li>Elevaci\u00f3n: 15,190 pies a 13,044 pies<\/li>\n<li>Distancia: 3 km\/2 millas<\/li>\n<li>Tiempo de caminata: 2-3 horas<\/li>\n<li>H\u00e1bitat: Desierto alpino<\/li>\n<\/ul>\n<p>Continuamos hacia el este por una cresta y luego nos dirigimos hacia el sureste hacia la Torre de Lava, una formaci\u00f3n de roca volc\u00e1nica de 300 pies de altura. Descendemos al campamento Barranco a trav\u00e9s del extra\u00f1o pero hermoso bosque de Senecio a una altitud de 13,000 pies. Aunque comienzas y terminas el d\u00eda a la misma altura, el tiempo que pasas a mayor altitud es muy beneficioso para la aclimataci\u00f3n.<\/p>\n<\/div><\/div><\/div><div class=\"ea-card  sp-ea-single\"><h3 class=\"ea-header\"><a class=\"collapsed\" data-sptoggle=\"spcollapse\" data-sptarget=#collapse53593 href=\"javascript:void(0)\" aria-expanded=\"false\"><i class=\"ea-expand-icon fa fa-plus\"><\/i> D\u00eda 4 - Campamento Barranco a Campamento Karanga<\/a><\/h3><div class=\"sp-collapse spcollapse spcollapse\" id=\"collapse53593\" data-parent=#sp-ea-5359><div class=\"ea-body\"><ul>\n<li>Elevaci\u00f3n: 13,044 pies a 13,106 pies<\/li>\n<li>Distancia: 5 km\/3 millas<\/li>\n<li>Tiempo de caminata: 4-5 horas<\/li>\n<li>H\u00e1bitat: Desierto alpino<\/li>\n<\/ul>\n<p>Comenzamos el d\u00eda descendiendo por un barranco hasta la base de la Gran Muralla del Barranco. Luego subimos el acantilado no t\u00e9cnico pero empinado, de casi 900 pies. Desde lo alto de la pared de Barranco cruzamos una serie de colinas y valles hasta descender bruscamente hacia el valle de Karanga. Una subida m\u00e1s empinada nos lleva al campamento de Karanga. Este es un d\u00eda m\u00e1s corto destinado a la aclimataci\u00f3n.<\/p>\n<\/div><\/div><\/div><div class=\"ea-card  sp-ea-single\"><h3 class=\"ea-header\"><a class=\"collapsed\" data-sptoggle=\"spcollapse\" data-sptarget=#collapse53594 href=\"javascript:void(0)\" aria-expanded=\"false\"><i class=\"ea-expand-icon fa fa-plus\"><\/i> D\u00eda 5 - Campamento Karanga a Campamento Barafu<\/a><\/h3><div class=\"sp-collapse spcollapse spcollapse\" id=\"collapse53594\" data-parent=#sp-ea-5359><div class=\"ea-body\"><ul>\n<li>Elevaci\u00f3n: 13,106 pies a 15,331 pies<\/li>\n<li>Distancia: 4 km\/2 millas<\/li>\n<li>Tiempo de caminata: 4-5 horas<\/li>\n<li>H\u00e1bitat: Desierto alpino<\/li>\n<\/ul>\n<p>Salimos de Karanga y llegamos al cruce que conecta con el sendero Mweka. Continuamos hasta la secci\u00f3n rocosa hasta Barafu Hut. En este punto, has completado el Circuito Sur, que ofrece vistas de la cumbre desde muchos \u00e1ngulos diferentes. Aqu\u00ed hacemos campamento, descansamos y disfrutamos de una cena temprana para prepararnos para el d\u00eda de la cumbre. Los dos picos de Mawenzi y Kibo son visibles desde esta posici\u00f3n.<\/p>\n<\/div><\/div><\/div><div class=\"ea-card  sp-ea-single\"><h3 class=\"ea-header\"><a class=\"collapsed\" data-sptoggle=\"spcollapse\" data-sptarget=#collapse53595 href=\"javascript:void(0)\" aria-expanded=\"false\"><i class=\"ea-expand-icon fa fa-plus\"><\/i> D\u00eda 6 - Campamento Barafu al pico Uhuru<\/a><\/h3><div class=\"sp-collapse spcollapse spcollapse\" id=\"collapse53595\" data-parent=#sp-ea-5359><div class=\"ea-body\"><ul>\n<li>Elevaci\u00f3n: 15,331 pies a 19,341 pies<\/li>\n<li>Distancia: 5 km\/3 millas<\/li>\n<li>Tiempo de caminata: 7-8 horas<\/li>\n<li>H\u00e1bitat: \u00c1rtico<\/li>\n<\/ul>\n<p>\u00a0<\/p>\n<p>Pico Uhuru al campamento Mweka<\/p>\n<ul>\n<li>Elevaci\u00f3n: 19,341 pies a 10,065 pies<\/li>\n<li>Distancia: 12 km\/7 millas<\/li>\n<li>Tiempo de caminata: 4-6 horas<\/li>\n<li>H\u00e1bitat: Selva tropical<\/li>\n<\/ul>\n<p>Muy temprano en la ma\u00f1ana (alrededor de la medianoche), comenzamos nuestro empuje hacia la cumbre. Esta es la parte m\u00e1s desafiante mental y f\u00edsicamente de la caminata. El viento y el fr\u00edo en esta elevaci\u00f3n y hora del d\u00eda pueden ser extremos. Ascendemos en la oscuridad durante varias horas mientras tomamos descansos frecuentes, pero cortos. Cerca de Stella Point (18,900 pies), ser\u00e1 recompensado con el amanecer m\u00e1s magn\u00edfico que jam\u00e1s haya visto venir sobre el pico Mawenzi. Finalmente, llegamos al pico Uhuru, el punto m\u00e1s alto del Monte Kilimanjaro y del continente africano.<\/p>\n<p>Desde la cima, ahora hacemos nuestro descenso continuando directamente hasta el campamento de Mweka Hut, deteni\u00e9ndonos en Barafu para almorzar. El sendero es muy rocoso y puede ser bastante duro para las rodillas; Los bastones de trekking son \u00fatiles. Mweka Camp est\u00e1 situado en el bosque superior y se puede esperar niebla o lluvia al final de la tarde. M\u00e1s tarde en la noche, disfrutamos de nuestra \u00faltima cena en la monta\u00f1a y de un merecido sue\u00f1o.<\/p>\n<\/div><\/div><\/div><div class=\"ea-card  sp-ea-single\"><h3 class=\"ea-header\"><a class=\"collapsed\" data-sptoggle=\"spcollapse\" data-sptarget=#collapse53596 href=\"javascript:void(0)\" aria-expanded=\"false\"><i class=\"ea-expand-icon fa fa-plus\"><\/i> D\u00eda 7 - Campamento Mweka a la Puerta Mweka<\/a><\/h3><div class=\"sp-collapse spcollapse spcollapse\" id=\"collapse53596\" data-parent=#sp-ea-5359><div class=\"ea-body\"><ul>\n<li>Elevaci\u00f3n: 10,065 pies a 5,380 pies<\/li>\n<li>Distancia: 10 km\/6 millas<\/li>\n<li>Tiempo de caminata: 3-4 horas<\/li>\n<li>H\u00e1bitat: Selva tropical<\/li>\n<\/ul>\n<p>En nuestro \u00faltimo d\u00eda, continuamos el descenso a la Puerta Mweka y recogemos los certificados de la cumbre. En elevaciones m\u00e1s bajas, puede ser h\u00famedo y fangoso. Desde la puerta, continuamos otra hora hasta Mweka Village. Un veh\u00edculo nos recibir\u00e1 en Mweka Village para llevarnos de regreso al hotel en Moshi.<\/p>\n<\/div><\/div><\/div><\/div>\n<\/div><div class=\"fusion-clearfix\"><\/div><\/div><\/div><div class=\"fusion-layout-column fusion_builder_column fusion-builder-column-2 fusion_builder_column_1_4 1_4 fusion-one-fourth fusion-column-last adv_contents_included2\" style=\"width:25%;width:calc(25% - ( ( 4% ) * 0.25 ) );margin-top:0px;margin-bottom:0px;\"><div class=\"fusion-column-wrapper fusion-flex-column-wrapper-legacy\" style=\"background-position:left top;background-repeat:no-repeat;-webkit-background-size:cover;-moz-background-size:cover;-o-background-size:cover;background-size:cover;padding: 0px 0px 0px 0px;\"><div class=\"fusion-text fusion-text-4\"><div class=\"adv_title2\" style=\"text-align: left; margin-bottom: 10px;\">Solicita Ahora!<\/div>\n<\/div><div role=\"form\" class=\"wpcf7\" id=\"wpcf7-f564-o1\" lang=\"en-US\" dir=\"ltr\">\n<div class=\"screen-reader-response\"><p role=\"status\" aria-live=\"polite\" aria-atomic=\"true\"><\/p> <ul><\/ul><\/div>\n<form action=\"\/esp\/wp-json\/wp\/v2\/pages\/5366#wpcf7-f564-o1\" method=\"post\" class=\"wpcf7-form init\" novalidate=\"novalidate\" data-status=\"init\">\n<div style=\"display: none;\">\n<input type=\"hidden\" name=\"_wpcf7\" value=\"564\" \/>\n<input type=\"hidden\" name=\"_wpcf7_version\" value=\"5.5.3\" \/>\n<input type=\"hidden\" name=\"_wpcf7_locale\" value=\"en_US\" \/>\n<input type=\"hidden\" name=\"_wpcf7_unit_tag\" value=\"wpcf7-f564-o1\" \/>\n<input type=\"hidden\" name=\"_wpcf7_container_post\" value=\"0\" \/>\n<input type=\"hidden\" name=\"_wpcf7_posted_data_hash\" value=\"\" \/>\n<input type=\"hidden\" name=\"_wpcf7_recaptcha_response\" value=\"\" \/>\n<\/div>\n<div style=\"display:none\"><span class=\"wpcf7-form-control-wrap itinerary\"><input type=\"text\" name=\"itinerary\" value=\"ITINERARY_VALUE\" size=\"40\" class=\"wpcf7-form-control wpcf7-text\" aria-invalid=\"false\" \/><\/span><\/div>\n<p><label> Tu Nombre (Requerido)<br \/>\n    <span class=\"wpcf7-form-control-wrap your-name\"><input type=\"text\" name=\"your-name\" value=\"\" size=\"40\" class=\"wpcf7-form-control wpcf7-text wpcf7-validates-as-required\" aria-required=\"true\" aria-invalid=\"false\" \/><\/span> <\/label><\/p>\n<p><label> Tu Correo (Requerido)<br \/>\n    <span class=\"wpcf7-form-control-wrap your-email\"><input type=\"email\" name=\"your-email\" value=\"\" size=\"40\" class=\"wpcf7-form-control wpcf7-text wpcf7-email wpcf7-validates-as-required wpcf7-validates-as-email\" aria-required=\"true\" aria-invalid=\"false\" \/><\/span> <\/label><\/p>\n<p><label> Fecha del viaje (Requerido)<br \/>\n    <span class=\"wpcf7-form-control-wrap arrival\"><input type=\"date\" name=\"arrival\" value=\"\" class=\"wpcf7-form-control wpcf7-date wpcf7-validates-as-required wpcf7-validates-as-date\" aria-required=\"true\" aria-invalid=\"false\" \/><\/span> <\/label><\/p>\n<p><label> N\u00famero de personas (Requerido)<br \/>\n    <span class=\"wpcf7-form-control-wrap noofguests\"><input type=\"number\" name=\"noofguests\" value=\"\" class=\"wpcf7-form-control wpcf7-number wpcf7-validates-as-required wpcf7-validates-as-number\" aria-required=\"true\" aria-invalid=\"false\" \/><\/span> <\/label><\/p>\n<p><label> Como nos encuentras (Requerido)<br \/>\n<span class=\"wpcf7-form-control-wrap howyoufindus\"><select name=\"howyoufindus\" class=\"wpcf7-form-control wpcf7-select wpcf7-validates-as-required\" aria-required=\"true\" aria-invalid=\"false\"><option value=\"---\">---<\/option><option value=\"Un Amigo\">Un Amigo<\/option><option value=\"Google\">Google<\/option><option value=\"Otros\">Otros<\/option><\/select><\/span><\/label><\/p>\n<p><label> Si deseas hacer un viaje a medida o quieres comentarnos algo sobre el safari que has escogido (d\u00edas de acampada, ...) especif\u00edcalo aqu\u00ed:<br \/>\n    <span class=\"wpcf7-form-control-wrap your-message\"><textarea name=\"your-message\" cols=\"40\" rows=\"10\" class=\"wpcf7-form-control wpcf7-textarea\" aria-invalid=\"false\"><\/textarea><\/span> <\/label><\/p>\n<p><input type=\"submit\" value=\"Enviar\" class=\"wpcf7-form-control has-spinner wpcf7-submit\" \/><\/p>\n<div class=\"fusion-alert alert custom alert-custom fusion-alert-center wpcf7-response-output fusion-alert-capitalize alert-dismissable\" style=\"border-width:1px;\"><button type=\"button\" class=\"close toggle-alert\" data-dismiss=\"alert\" aria-hidden=\"true\">&times;<\/button><div class=\"fusion-alert-content-wrapper\"><span class=\"fusion-alert-content\"><\/span><\/div><\/div><\/form><\/div><div class=\"fusion-clearfix\"><\/div><\/div><\/div><\/div><\/div><\/p>\n","protected":false},"excerpt":{"rendered":"","protected":false},"author":1,"featured_media":0,"parent":0,"menu_order":0,"comment_status":"closed","ping_status":"closed","template":"","meta":[],"yoast_head":"<!-- This site is optimized with the Yoast SEO plugin v17.8 - https:\/\/yoast.com\/wordpress\/plugins\/seo\/ -->\n<title>6 D\u00edas Ruta Machame - Deoadventure<\/title>\n<meta name=\"robots\" content=\"index, follow, max-snippet:-1, max-image-preview:large, max-video-preview:-1\" \/>\n<link rel=\"canonical\" href=\"https:\/\/www.deoadventure.co.tz\/esp\/6-dias-ruta-machame\/\" \/>\n<meta property=\"og:locale\" content=\"en_US\" \/>\n<meta property=\"og:type\" content=\"article\" \/>\n<meta property=\"og:title\" content=\"6 D\u00edas Ruta Machame - Deoadventure\" \/>\n<meta property=\"og:url\" content=\"https:\/\/www.deoadventure.co.tz\/esp\/6-dias-ruta-machame\/\" \/>\n<meta property=\"og:site_name\" content=\"Deoadventure\" \/>\n<meta property=\"article:modified_time\" content=\"2023-08-12T11:14:53+00:00\" \/>\n<meta name=\"twitter:card\" content=\"summary_large_image\" \/>\n<meta name=\"twitter:label1\" content=\"Est. reading time\" \/>\n\t<meta name=\"twitter:data1\" content=\"7 minutes\" \/>\n<script type=\"application\/ld+json\" class=\"yoast-schema-graph\">{\"@context\":\"https:\/\/schema.org\",\"@graph\":[{\"@type\":\"WebSite\",\"@id\":\"https:\/\/www.deoadventure.co.tz\/esp\/#website\",\"url\":\"https:\/\/www.deoadventure.co.tz\/esp\/\",\"name\":\"Deoadventure\",\"description\":\"deoadventure\",\"potentialAction\":[{\"@type\":\"SearchAction\",\"target\":{\"@type\":\"EntryPoint\",\"urlTemplate\":\"https:\/\/www.deoadventure.co.tz\/esp\/?s={search_term_string}\"},\"query-input\":\"required name=search_term_string\"}],\"inLanguage\":\"en-US\"},{\"@type\":\"WebPage\",\"@id\":\"https:\/\/www.deoadventure.co.tz\/esp\/6-dias-ruta-machame\/#webpage\",\"url\":\"https:\/\/www.deoadventure.co.tz\/esp\/6-dias-ruta-machame\/\",\"name\":\"6 D\\u00edas Ruta Machame - Deoadventure\",\"isPartOf\":{\"@id\":\"https:\/\/www.deoadventure.co.tz\/esp\/#website\"},\"datePublished\":\"2023-08-12T11:13:29+00:00\",\"dateModified\":\"2023-08-12T11:14:53+00:00\",\"breadcrumb\":{\"@id\":\"https:\/\/www.deoadventure.co.tz\/esp\/6-dias-ruta-machame\/#breadcrumb\"},\"inLanguage\":\"en-US\",\"potentialAction\":[{\"@type\":\"ReadAction\",\"target\":[\"https:\/\/www.deoadventure.co.tz\/esp\/6-dias-ruta-machame\/\"]}]},{\"@type\":\"BreadcrumbList\",\"@id\":\"https:\/\/www.deoadventure.co.tz\/esp\/6-dias-ruta-machame\/#breadcrumb\",\"itemListElement\":[{\"@type\":\"ListItem\",\"position\":1,\"name\":\"Home\",\"item\":\"https:\/\/www.deoadventure.co.tz\/esp\/\"},{\"@type\":\"ListItem\",\"position\":2,\"name\":\"6 D\\u00edas Ruta Machame\"}]}]}<\/script>\n<!-- \/ Yoast SEO plugin. -->","yoast_head_json":{"title":"6 D\u00edas Ruta Machame - Deoadventure","robots":{"index":"index","follow":"follow","max-snippet":"max-snippet:-1","max-image-preview":"max-image-preview:large","max-video-preview":"max-video-preview:-1"},"canonical":"https:\/\/www.deoadventure.co.tz\/esp\/6-dias-ruta-machame\/","og_locale":"en_US","og_type":"article","og_title":"6 D\u00edas Ruta Machame - Deoadventure","og_url":"https:\/\/www.deoadventure.co.tz\/esp\/6-dias-ruta-machame\/","og_site_name":"Deoadventure","article_modified_time":"2023-08-12T11:14:53+00:00","twitter_card":"summary_large_image","twitter_misc":{"Est. reading time":"7 minutes"},"schema":{"@context":"https:\/\/schema.org","@graph":[{"@type":"WebSite","@id":"https:\/\/www.deoadventure.co.tz\/esp\/#website","url":"https:\/\/www.deoadventure.co.tz\/esp\/","name":"Deoadventure","description":"deoadventure","potentialAction":[{"@type":"SearchAction","target":{"@type":"EntryPoint","urlTemplate":"https:\/\/www.deoadventure.co.tz\/esp\/?s={search_term_string}"},"query-input":"required name=search_term_string"}],"inLanguage":"en-US"},{"@type":"WebPage","@id":"https:\/\/www.deoadventure.co.tz\/esp\/6-dias-ruta-machame\/#webpage","url":"https:\/\/www.deoadventure.co.tz\/esp\/6-dias-ruta-machame\/","name":"6 D\u00edas Ruta Machame - Deoadventure","isPartOf":{"@id":"https:\/\/www.deoadventure.co.tz\/esp\/#website"},"datePublished":"2023-08-12T11:13:29+00:00","dateModified":"2023-08-12T11:14:53+00:00","breadcrumb":{"@id":"https:\/\/www.deoadventure.co.tz\/esp\/6-dias-ruta-machame\/#breadcrumb"},"inLanguage":"en-US","potentialAction":[{"@type":"ReadAction","target":["https:\/\/www.deoadventure.co.tz\/esp\/6-dias-ruta-machame\/"]}]},{"@type":"BreadcrumbList","@id":"https:\/\/www.deoadventure.co.tz\/esp\/6-dias-ruta-machame\/#breadcrumb","itemListElement":[{"@type":"ListItem","position":1,"name":"Home","item":"https:\/\/www.deoadventure.co.tz\/esp\/"},{"@type":"ListItem","position":2,"name":"6 D\u00edas Ruta Machame"}]}]}},"_links":{"self":[{"href":"https:\/\/www.deoadventure.co.tz\/esp\/wp-json\/wp\/v2\/pages\/5366"}],"collection":[{"href":"https:\/\/www.deoadventure.co.tz\/esp\/wp-json\/wp\/v2\/pages"}],"about":[{"href":"https:\/\/www.deoadventure.co.tz\/esp\/wp-json\/wp\/v2\/types\/page"}],"author":[{"embeddable":true,"href":"https:\/\/www.deoadventure.co.tz\/esp\/wp-json\/wp\/v2\/users\/1"}],"replies":[{"embeddable":true,"href":"https:\/\/www.deoadventure.co.tz\/esp\/wp-json\/wp\/v2\/comments?post=5366"}],"version-history":[{"count":2,"href":"https:\/\/www.deoadventure.co.tz\/esp\/wp-json\/wp\/v2\/pages\/5366\/revisions"}],"predecessor-version":[{"id":5368,"href":"https:\/\/www.deoadventure.co.tz\/esp\/wp-json\/wp\/v2\/pages\/5366\/revisions\/5368"}],"wp:attachment":[{"href":"https:\/\/www.deoadventure.co.tz\/esp\/wp-json\/wp\/v2\/media?parent=5366"}],"curies":[{"name":"wp","href":"https:\/\/api.w.org\/{rel}","templated":true}]}}